{"id":1917,"date":"2023-12-08T18:16:12","date_gmt":"2023-12-08T10:16:12","guid":{"rendered":"https:\/\/huanyu.xpy6.com\/?post_type=product&#038;p=1917"},"modified":"2024-05-07T15:32:21","modified_gmt":"2024-05-07T07:32:21","slug":"portable-laser-hair-removal-bikini-100-million-shots-beauty-equipment","status":"publish","type":"product","link":"https:\/\/www.perfectlasers.com\/de\/product\/portable-laser-hair-removal-bikini-100-million-shots-beauty-equipment\/","title":{"rendered":"Tragbare Laser-Haarentfernung Bikini 100 Millionen Sch\u00fcsse Sch\u00f6nheit Ausr\u00fcstung"},"content":{"rendered":"<p>Einf\u00fchrung unserer tragbaren 808nm Diode Laser Haarentfernung Maschine, die ultimative L\u00f6sung f\u00fcr bequeme und effektive Haarentfernung. Mit seinem kompakten und tragbaren Design ist dieses Ger\u00e4t perfekt f\u00fcr Profis unterwegs oder Salonbesitzer, die eine vielseitige und platzsparende L\u00f6sung suchen.<\/p>\n<p>Unsere tragbare 808nm Diode Laser Haarentfernungsmaschine verf\u00fcgt \u00fcber ein einziges Griffdesign, das eine einfache Bedienung und pr\u00e4zise Behandlung erm\u00f6glicht. Mit einer leistungsstarken Leistung von 1200W bietet diese Maschine eine schnelle und effiziente Haarentfernung und liefert au\u00dfergew\u00f6hnliche Ergebnisse f\u00fcr Ihre Kunden.<\/p>\n<p>Die 808nm Diodenlasertechnologie zielt auf das Melanin in den Haarfollikeln ab und entfernt unerw\u00fcnschte Haare effektiv und minimiert gleichzeitig Beschwerden. Mit seiner tragbaren Natur und hoher Leistung k\u00f6nnen Sie jetzt professionelle Haarentfernungsbehandlungen anbieten, wo Ihre Kunden sie brauchen.<\/p>\n<p>Erleben Sie den Komfort und die Wirksamkeit unserer tragbaren 808nm Diode Laser Haarentfernungsmaschine. Versorgen Sie Ihre Kunden mit einem komfortablen und effizienten Haarentfernungserlebnis und geben ihnen das Vertrauen einer glatten und haarfreien Haut.<\/p>\n<p>Vertrauen Sie auf die fortschrittliche Technologie und Qualit\u00e4t unserer tragbaren 808nm Diode Laser Haarentfernungsmaschine. Kontaktieren Sie uns noch heute, um mehr dar\u00fcber zu erfahren, wie dieses tragbare Ger\u00e4t mit einem einzigen Griff und 1200 W Leistung Ihr Sch\u00f6nheitsgesch\u00e4ft revolutionieren kann. Nutzen Sie die M\u00f6glichkeit, au\u00dfergew\u00f6hnliche Haarentfernungsdienste mit unserer modernsten Maschine anzubieten.<\/p>\n<p><iframe title=\"Eingriff St\u00fcck Diode Laser Haarentfernung Maschine (tragbarer Typ)\" width=\"800\" height=\"450\" src=\"https:\/\/www.youtube.com\/embed\/Tfr3z-XfY7E?feature=oembed\" frameborder=\"0\" allow=\"accelerometer; autoplay; clipboard-write; encrypted-media; gyroscope; picture-in-picture; web-share\" allowfullscreen><\/iframe><\/p>\n<p><img fetchpriority=\"high\" decoding=\"async\" class=\"aligncenter size-full wp-image-1919\" src=\"https:\/\/perfectlasers.com\/wp-content\/uploads\/sites\/87\/2023\/12\/14-1-1.jpg\" alt=\"\" width=\"800\" height=\"800\" srcset=\"https:\/\/www.perfectlasers.com\/wp-content\/uploads\/2023\/12\/14-1-1.jpg 800w, https:\/\/www.perfectlasers.com\/wp-content\/uploads\/2023\/12\/14-1-1-300x300.jpg 300w, https:\/\/www.perfectlasers.com\/wp-content\/uploads\/2023\/12\/14-1-1-150x150.jpg 150w, https:\/\/www.perfectlasers.com\/wp-content\/uploads\/2023\/12\/14-1-1-768x768.jpg 768w, https:\/\/www.perfectlasers.com\/wp-content\/uploads\/2023\/12\/14-1-1-600x600.jpg 600w, https:\/\/www.perfectlasers.com\/wp-content\/uploads\/2023\/12\/14-1-1-100x100.jpg 100w\" sizes=\"(max-width: 800px) 100vw, 800px\" \/> <img decoding=\"async\" class=\"aligncenter size-full wp-image-1920\" src=\"https:\/\/perfectlasers.com\/wp-content\/uploads\/sites\/87\/2023\/12\/1-1-11.jpg\" alt=\"\" width=\"800\" height=\"800\" srcset=\"https:\/\/www.perfectlasers.com\/wp-content\/uploads\/2023\/12\/1-1-11.jpg 800w, https:\/\/www.perfectlasers.com\/wp-content\/uploads\/2023\/12\/1-1-11-300x300.jpg 300w, https:\/\/www.perfectlasers.com\/wp-content\/uploads\/2023\/12\/1-1-11-150x150.jpg 150w, https:\/\/www.perfectlasers.com\/wp-content\/uploads\/2023\/12\/1-1-11-768x768.jpg 768w, https:\/\/www.perfectlasers.com\/wp-content\/uploads\/2023\/12\/1-1-11-600x600.jpg 600w, https:\/\/www.perfectlasers.com\/wp-content\/uploads\/2023\/12\/1-1-11-100x100.jpg 100w\" sizes=\"(max-width: 800px) 100vw, 800px\" \/> <img decoding=\"async\" class=\"aligncenter size-full wp-image-1921\" src=\"https:\/\/perfectlasers.com\/wp-content\/uploads\/sites\/87\/2023\/12\/2-1-11.jpg\" alt=\"\" width=\"800\" height=\"1114\" srcset=\"https:\/\/www.perfectlasers.com\/wp-content\/uploads\/2023\/12\/2-1-11.jpg 800w, https:\/\/www.perfectlasers.com\/wp-content\/uploads\/2023\/12\/2-1-11-215x300.jpg 215w, https:\/\/www.perfectlasers.com\/wp-content\/uploads\/2023\/12\/2-1-11-735x1024.jpg 735w, https:\/\/www.perfectlasers.com\/wp-content\/uploads\/2023\/12\/2-1-11-768x1069.jpg 768w, https:\/\/www.perfectlasers.com\/wp-content\/uploads\/2023\/12\/2-1-11-600x836.jpg 600w\" sizes=\"(max-width: 800px) 100vw, 800px\" \/> <img loading=\"lazy\" decoding=\"async\" class=\"aligncenter size-full wp-image-1922\" src=\"https:\/\/perfectlasers.com\/wp-content\/uploads\/sites\/87\/2023\/12\/3-1-12.jpg\" alt=\"\" width=\"800\" height=\"800\" srcset=\"https:\/\/www.perfectlasers.com\/wp-content\/uploads\/2023\/12\/3-1-12.jpg 800w, https:\/\/www.perfectlasers.com\/wp-content\/uploads\/2023\/12\/3-1-12-300x300.jpg 300w, https:\/\/www.perfectlasers.com\/wp-content\/uploads\/2023\/12\/3-1-12-150x150.jpg 150w, https:\/\/www.perfectlasers.com\/wp-content\/uploads\/2023\/12\/3-1-12-768x768.jpg 768w, https:\/\/www.perfectlasers.com\/wp-content\/uploads\/2023\/12\/3-1-12-600x600.jpg 600w, https:\/\/www.perfectlasers.com\/wp-content\/uploads\/2023\/12\/3-1-12-100x100.jpg 100w\" sizes=\"(max-width: 800px) 100vw, 800px\" \/> <img loading=\"lazy\" decoding=\"async\" class=\"aligncenter size-full wp-image-1923\" src=\"https:\/\/perfectlasers.com\/wp-content\/uploads\/sites\/87\/2023\/12\/5-1-15.jpg\" alt=\"\" width=\"800\" height=\"800\" srcset=\"https:\/\/www.perfectlasers.com\/wp-content\/uploads\/2023\/12\/5-1-15.jpg 800w, https:\/\/www.perfectlasers.com\/wp-content\/uploads\/2023\/12\/5-1-15-300x300.jpg 300w, https:\/\/www.perfectlasers.com\/wp-content\/uploads\/2023\/12\/5-1-15-150x150.jpg 150w, https:\/\/www.perfectlasers.com\/wp-content\/uploads\/2023\/12\/5-1-15-768x768.jpg 768w, https:\/\/www.perfectlasers.com\/wp-content\/uploads\/2023\/12\/5-1-15-600x600.jpg 600w, https:\/\/www.perfectlasers.com\/wp-content\/uploads\/2023\/12\/5-1-15-100x100.jpg 100w\" sizes=\"(max-width: 800px) 100vw, 800px\" \/> <img loading=\"lazy\" decoding=\"async\" class=\"aligncenter size-full wp-image-1924\" src=\"https:\/\/perfectlasers.com\/wp-content\/uploads\/sites\/87\/2023\/12\/6-1-13.jpg\" alt=\"\" width=\"800\" height=\"800\" srcset=\"https:\/\/www.perfectlasers.com\/wp-content\/uploads\/2023\/12\/6-1-13.jpg 800w, https:\/\/www.perfectlasers.com\/wp-content\/uploads\/2023\/12\/6-1-13-300x300.jpg 300w, https:\/\/www.perfectlasers.com\/wp-content\/uploads\/2023\/12\/6-1-13-150x150.jpg 150w, https:\/\/www.perfectlasers.com\/wp-content\/uploads\/2023\/12\/6-1-13-768x768.jpg 768w, https:\/\/www.perfectlasers.com\/wp-content\/uploads\/2023\/12\/6-1-13-600x600.jpg 600w, https:\/\/www.perfectlasers.com\/wp-content\/uploads\/2023\/12\/6-1-13-100x100.jpg 100w\" sizes=\"(max-width: 800px) 100vw, 800px\" \/> <img loading=\"lazy\" decoding=\"async\" class=\"aligncenter size-full wp-image-1925\" src=\"https:\/\/perfectlasers.com\/wp-content\/uploads\/sites\/87\/2023\/12\/7-1-12.jpg\" alt=\"\" width=\"800\" height=\"662\" srcset=\"https:\/\/www.perfectlasers.com\/wp-content\/uploads\/2023\/12\/7-1-12.jpg 800w, https:\/\/www.perfectlasers.com\/wp-content\/uploads\/2023\/12\/7-1-12-300x248.jpg 300w, https:\/\/www.perfectlasers.com\/wp-content\/uploads\/2023\/12\/7-1-12-768x636.jpg 768w, https:\/\/www.perfectlasers.com\/wp-content\/uploads\/2023\/12\/7-1-12-600x497.jpg 600w\" sizes=\"(max-width: 800px) 100vw, 800px\" \/> <img loading=\"lazy\" decoding=\"async\" class=\"aligncenter size-full wp-image-1926\" src=\"https:\/\/perfectlasers.com\/wp-content\/uploads\/sites\/87\/2023\/12\/8-1-13.jpg\" alt=\"\" width=\"800\" height=\"680\" srcset=\"https:\/\/www.perfectlasers.com\/wp-content\/uploads\/2023\/12\/8-1-13.jpg 800w, https:\/\/www.perfectlasers.com\/wp-content\/uploads\/2023\/12\/8-1-13-300x255.jpg 300w, https:\/\/www.perfectlasers.com\/wp-content\/uploads\/2023\/12\/8-1-13-768x653.jpg 768w, https:\/\/www.perfectlasers.com\/wp-content\/uploads\/2023\/12\/8-1-13-600x510.jpg 600w\" sizes=\"(max-width: 800px) 100vw, 800px\" \/> <img loading=\"lazy\" decoding=\"async\" class=\"aligncenter size-full wp-image-1927\" src=\"https:\/\/perfectlasers.com\/wp-content\/uploads\/sites\/87\/2023\/12\/9-1-10.jpg\" alt=\"\" width=\"800\" height=\"800\" srcset=\"https:\/\/www.perfectlasers.com\/wp-content\/uploads\/2023\/12\/9-1-10.jpg 800w, https:\/\/www.perfectlasers.com\/wp-content\/uploads\/2023\/12\/9-1-10-300x300.jpg 300w, https:\/\/www.perfectlasers.com\/wp-content\/uploads\/2023\/12\/9-1-10-150x150.jpg 150w, https:\/\/www.perfectlasers.com\/wp-content\/uploads\/2023\/12\/9-1-10-768x768.jpg 768w, https:\/\/www.perfectlasers.com\/wp-content\/uploads\/2023\/12\/9-1-10-600x600.jpg 600w, https:\/\/www.perfectlasers.com\/wp-content\/uploads\/2023\/12\/9-1-10-100x100.jpg 100w\" sizes=\"(max-width: 800px) 100vw, 800px\" \/> <img loading=\"lazy\" decoding=\"async\" class=\"aligncenter size-full wp-image-1929\" src=\"https:\/\/perfectlasers.com\/wp-content\/uploads\/sites\/87\/2023\/12\/12-1-3.jpg\" alt=\"\" width=\"800\" height=\"800\" srcset=\"https:\/\/www.perfectlasers.com\/wp-content\/uploads\/2023\/12\/12-1-3.jpg 800w, https:\/\/www.perfectlasers.com\/wp-content\/uploads\/2023\/12\/12-1-3-300x300.jpg 300w, https:\/\/www.perfectlasers.com\/wp-content\/uploads\/2023\/12\/12-1-3-150x150.jpg 150w, https:\/\/www.perfectlasers.com\/wp-content\/uploads\/2023\/12\/12-1-3-768x768.jpg 768w, https:\/\/www.perfectlasers.com\/wp-content\/uploads\/2023\/12\/12-1-3-600x600.jpg 600w, https:\/\/www.perfectlasers.com\/wp-content\/uploads\/2023\/12\/12-1-3-100x100.jpg 100w\" sizes=\"(max-width: 800px) 100vw, 800px\" \/> <img loading=\"lazy\" decoding=\"async\" class=\"aligncenter size-full wp-image-1900\" src=\"https:\/\/perfectlasers.com\/wp-content\/uploads\/sites\/87\/2023\/12\/gs.jpg\" alt=\"\" width=\"800\" height=\"2220\" srcset=\"https:\/\/www.perfectlasers.com\/wp-content\/uploads\/2023\/12\/gs.jpg 800w, https:\/\/www.perfectlasers.com\/wp-content\/uploads\/2023\/12\/gs-108x300.jpg 108w, https:\/\/www.perfectlasers.com\/wp-content\/uploads\/2023\/12\/gs-369x1024.jpg 369w, https:\/\/www.perfectlasers.com\/wp-content\/uploads\/2023\/12\/gs-768x2131.jpg 768w, https:\/\/www.perfectlasers.com\/wp-content\/uploads\/2023\/12\/gs-554x1536.jpg 554w, https:\/\/www.perfectlasers.com\/wp-content\/uploads\/2023\/12\/gs-738x2048.jpg 738w, https:\/\/www.perfectlasers.com\/wp-content\/uploads\/2023\/12\/gs-600x1665.jpg 600w\" sizes=\"(max-width: 800px) 100vw, 800px\" \/><\/p>","protected":false},"excerpt":{"rendered":"<table width=\"720\">\n<tbody>\n<tr>\n<td width=\"192\">Name<\/td>\n<td width=\"527\">Tragbare OEM DIODE LASER HAIR REMOVAL<\/td>\n<\/tr>\n<tr>\n<td>Laserwellenl\u00e4nge<\/td>\n<td>808nm 755nm 1064nm<\/td>\n<\/tr>\n<tr>\n<td>Bildschirm<\/td>\n<td>Intuitiver gro\u00dfer Bildschirm (15.6&#8243; Android) mit vorgegebenen Parametern<\/td>\n<\/tr>\n<tr>\n<td>HANDLE LASERSTARK<\/td>\n<td>1200W<\/td>\n<\/tr>\n<tr>\n<td>Pulsdauer<\/td>\n<td>1 bis 400 ms<\/td>\n<\/tr>\n<tr>\n<td>Energie<\/td>\n<td>1-150J \/ cm2<\/td>\n<\/tr>\n<tr>\n<td>SPOT GR\u00d6\u00dfe<\/td>\n<td>15 * 26mm 15 * 40mm<\/td>\n<\/tr>\n<tr>\n<td>Wiederholungsfrequenz<\/td>\n<td>1 bis 10Hz<\/td>\n<\/tr>\n<tr>\n<td>Temperatur des Saphirs<\/td>\n<td>ICE PLUS, -42 Grad<\/td>\n<\/tr>\n<tr>\n<td>K\u00fchlung<\/td>\n<td>TEC Wasser Luft Halbleiter<\/td>\n<\/tr>\n<tr>\n<td>Eingangsleistung<\/td>\n<td>110-120VAC, 50\/60Hz<\/td>\n<\/tr>\n<\/tbody>\n<\/table>","protected":false},"featured_media":1918,"template":"","meta":[],"product_brand":[],"product_cat":[40],"product_tag":[],"class_list":{"0":"post-1917","1":"product","2":"type-product","3":"status-publish","4":"has-post-thumbnail","6":"product_cat-ipl-laser-hair-removal-machine","8":"first","9":"instock","10":"shipping-taxable","11":"product-type-simple"},"_links":{"self":[{"href":"https:\/\/www.perfectlasers.com\/de\/wp-json\/wp\/v2\/product\/1917","targetHints":{"allow":["GET"]}}],"collection":[{"href":"https:\/\/www.perfectlasers.com\/de\/wp-json\/wp\/v2\/product"}],"about":[{"href":"https:\/\/www.perfectlasers.com\/de\/wp-json\/wp\/v2\/types\/product"}],"wp:featuredmedia":[{"embeddable":true,"href":"https:\/\/www.perfectlasers.com\/de\/wp-json\/wp\/v2\/media\/1918"}],"wp:attachment":[{"href":"https:\/\/www.perfectlasers.com\/de\/wp-json\/wp\/v2\/media?parent=1917"}],"wp:term":[{"taxonomy":"product_brand","embeddable":true,"href":"https:\/\/www.perfectlasers.com\/de\/wp-json\/wp\/v2\/product_brand?post=1917"},{"taxonomy":"product_cat","embeddable":true,"href":"https:\/\/www.perfectlasers.com\/de\/wp-json\/wp\/v2\/product_cat?post=1917"},{"taxonomy":"product_tag","embeddable":true,"href":"https:\/\/www.perfectlasers.com\/de\/wp-json\/wp\/v2\/product_tag?post=1917"}],"curies":[{"name":"WP","href":"https:\/\/api.w.org\/{rel}","templated":true}]}}