{"id":6107,"date":"2025-11-06T16:07:02","date_gmt":"2025-11-06T08:07:02","guid":{"rendered":"https:\/\/www.perfectlasers.com\/?post_type=product&#038;p=6107"},"modified":"2025-11-06T16:07:02","modified_gmt":"2025-11-06T08:07:02","slug":"2-in-1-long-pulse-hari-removal-q-switch-laser-tattoo-removal-system-1064nm-532nm-585nm-650nm-1320nm-picosecond-laser-machine","status":"publish","type":"product","link":"https:\/\/www.perfectlasers.com\/de\/product\/2-in-1-long-pulse-hari-removal-q-switch-laser-tattoo-removal-system-1064nm-532nm-585nm-650nm-1320nm-picosecond-laser-machine\/","title":{"rendered":"2 in 1 lange Puls Hari Entfernung Q Schalter Laser Tattoo Entfernungssystem 1064nm 532nm 585nm 650nm 1320nm Picosecond Lasermaschine"},"content":{"rendered":"<p>1. Kerntechnologie &amp; Behandlungsprinzip<br \/>\nDieses Ger\u00e4t nutzt die Q-Switch Lasertechnologie, die hochenergetische Laserpulse erzeugt, um Pigmentpartikel in T\u00e4towierungen oder Hautpigmentierung sofort zu zerst\u00f6ren. Es verf\u00fcgt \u00fcber doppelte Standardwellenl\u00e4ngen - 1064nm (1200mJ) und 532nm (700mJ) - mit optionalen Wellenl\u00e4ngen von 585nm, 650nm und 1320nm, die eine pr\u00e4zise Zielsetzung verschiedener Farben und Pigmenttiefen erm\u00f6glichen. Die 2000W ultragro\u00dfe Laserquelle unterst\u00fctzt hochenergetische Langpulsmodi und erweitert ihre Anwendung auf Haarentfernung und Hautverj\u00fcngung.<br \/>\n2. Hardware-Konfiguration &amp; Design Vorteile<br \/>\nIntelligente Steueroberfl\u00e4che: Ausgestattet mit einem 15,6-Zoll medizinischen HD-Touchscreen mit einer intuitiven Schnittstelle, die eine schnelle Parameteranpassung, Echtzeit-Datenanzeige und reibungslosen Betrieb unterst\u00fctzt.<br \/>\n\u2013 K\u00fchlung &amp; Wassersystem:<br \/>\nTriple Cooling System: Kombiniert Wasserk\u00fchlung, Luftk\u00fchlung und Kompressork\u00fchlung f\u00fcr eine effiziente W\u00e4rmeabfuhr w\u00e4hrend des Langzeitbetriebs.<br \/>\n\u2013 Japanische Wasserleitungen &amp; Membranpumpe: Verwendet japanische explosionssichere Wasserleitungen (hohe Korrosionsbest\u00e4ndigkeit, lange Lebensdauer) und eine Membran-Selbstsaugpumpe (arbeitet normalerweise unter 0 Wasserdruck oder mit Luft im Wasserweg), die Behandlungssicherheit gew\u00e4hrleistet.<br \/>\n\u2013 Kernkomponenten:<br \/>\n\u2013 Laserquelle &amp; Lampe: Adoptiert deutsche Heraeus Marke Laserlampen und doppelte Laserstangen (\u03c67mm \u03c68mm) f\u00fcr stabile Energieleistung und lange Lebensdauer.<br \/>\n\u2013 Stromversorgung: verf\u00fcgt \u00fcber eine medizinische Schaltnetzversorgung von MEAN WELL aus Taiwan, die eine stabile und sichere Energie\u00fcbertragung garantiert.<br \/>\n\u2013 Lichtleitarm: Der aus S\u00fcdkorea importierte 360\u00b0 drehbare Lichtleitarm erm\u00f6glicht eine flexible Positionierung mit minimalem Energieverlust.<br \/>\n3. Behandlungsfunktionen &amp; Klinische Wirksamkeit<br \/>\nMultifunktionale Anwendungen:<br \/>\nTattoo Removal: Entfernt effektiv schwarze, blaue und farbige Tattoos (\u00fcber verschiedene Wellenl\u00e4ngen).<br \/>\n\u2013 Pigmentierungsbehandlung: Bek\u00e4mpft epidermale und dermale Pigmentationen wie Chloasma, Sonnenflecken und Altersflecken.<br \/>\n\u2013 Haarentfernung &amp; amp; Hautverj\u00fcngung: Optionaler Langpulsmodus zur Haarentfernung; Carbon Peeling Behandlung (\u00fcber 1320nm) zur Hautaufwei\u00dfung und tiefen Reinigung.<br \/>\nKlinische Ergebnisse: Vor- und Nachbild zeigen signifikantes verblassen von T\u00e4towierungen, Verringerung der Pigmentation und Verbesserung der Hauttextur, die bemerkenswerte Behandlungsergebnisse best\u00e4tigen.<br \/>\n4. Technische Parameter &amp; amp; Kundendienst<br \/>\n\u2013 Schl\u00fcsselparameter: Ausgangsleistung 5000W, Frequenz 20Hz, Spannungsverm\u00f6glichkeit (110V\/220V, 50Hz\/60Hz), Verpackung in einer Aluminiumlegierungsbox (Abmessungen und Gewicht nach Spezifikationen).<br \/>\n\u2013 Garantie &amp; Anpassung: Bietet eine 2-j\u00e4hrige Garantie mit kostenlosem technischen Service; OEM &amp; ODM-Dienstleistungen stehen zur Verf\u00fcgung, um individuelle Branding- und funktionelle Bed\u00fcrfnisse zu erf\u00fcllen.<\/p>\n<p><img fetchpriority=\"high\" decoding=\"async\" class=\"aligncenter size-large wp-image-6125\" src=\"https:\/\/www.perfectlasers.com\/wp-content\/uploads\/2025\/11\/01-1-1024x1024.jpg\" alt=\"\" width=\"800\" height=\"800\" srcset=\"https:\/\/www.perfectlasers.com\/wp-content\/uploads\/2025\/11\/01-1-1024x1024.jpg 1024w, https:\/\/www.perfectlasers.com\/wp-content\/uploads\/2025\/11\/01-1-300x300.jpg 300w, https:\/\/www.perfectlasers.com\/wp-content\/uploads\/2025\/11\/01-1-150x150.jpg 150w, https:\/\/www.perfectlasers.com\/wp-content\/uploads\/2025\/11\/01-1-768x768.jpg 768w, https:\/\/www.perfectlasers.com\/wp-content\/uploads\/2025\/11\/01-1-12x12.jpg 12w, https:\/\/www.perfectlasers.com\/wp-content\/uploads\/2025\/11\/01-1-600x600.jpg 600w, https:\/\/www.perfectlasers.com\/wp-content\/uploads\/2025\/11\/01-1-100x100.jpg 100w, https:\/\/www.perfectlasers.com\/wp-content\/uploads\/2025\/11\/01-1.jpg 1060w\" sizes=\"(max-width: 800px) 100vw, 800px\" \/> <img decoding=\"async\" class=\"aligncenter size-large wp-image-6126\" src=\"https:\/\/www.perfectlasers.com\/wp-content\/uploads\/2025\/11\/02-1-1024x1024.jpg\" alt=\"\" width=\"800\" height=\"800\" srcset=\"https:\/\/www.perfectlasers.com\/wp-content\/uploads\/2025\/11\/02-1-1024x1024.jpg 1024w, https:\/\/www.perfectlasers.com\/wp-content\/uploads\/2025\/11\/02-1-300x300.jpg 300w, https:\/\/www.perfectlasers.com\/wp-content\/uploads\/2025\/11\/02-1-150x150.jpg 150w, https:\/\/www.perfectlasers.com\/wp-content\/uploads\/2025\/11\/02-1-768x768.jpg 768w, https:\/\/www.perfectlasers.com\/wp-content\/uploads\/2025\/11\/02-1-12x12.jpg 12w, https:\/\/www.perfectlasers.com\/wp-content\/uploads\/2025\/11\/02-1-600x600.jpg 600w, https:\/\/www.perfectlasers.com\/wp-content\/uploads\/2025\/11\/02-1-100x100.jpg 100w, https:\/\/www.perfectlasers.com\/wp-content\/uploads\/2025\/11\/02-1.jpg 1060w\" sizes=\"(max-width: 800px) 100vw, 800px\" \/> <img decoding=\"async\" class=\"aligncenter size-large wp-image-6127\" src=\"https:\/\/www.perfectlasers.com\/wp-content\/uploads\/2025\/11\/03-1-1024x1024.jpg\" alt=\"\" width=\"800\" height=\"800\" srcset=\"https:\/\/www.perfectlasers.com\/wp-content\/uploads\/2025\/11\/03-1-1024x1024.jpg 1024w, https:\/\/www.perfectlasers.com\/wp-content\/uploads\/2025\/11\/03-1-300x300.jpg 300w, https:\/\/www.perfectlasers.com\/wp-content\/uploads\/2025\/11\/03-1-150x150.jpg 150w, https:\/\/www.perfectlasers.com\/wp-content\/uploads\/2025\/11\/03-1-768x768.jpg 768w, https:\/\/www.perfectlasers.com\/wp-content\/uploads\/2025\/11\/03-1-12x12.jpg 12w, https:\/\/www.perfectlasers.com\/wp-content\/uploads\/2025\/11\/03-1-600x600.jpg 600w, https:\/\/www.perfectlasers.com\/wp-content\/uploads\/2025\/11\/03-1-100x100.jpg 100w, https:\/\/www.perfectlasers.com\/wp-content\/uploads\/2025\/11\/03-1.jpg 1060w\" sizes=\"(max-width: 800px) 100vw, 800px\" \/> <img loading=\"lazy\" decoding=\"async\" class=\"aligncenter size-large wp-image-6128\" src=\"https:\/\/www.perfectlasers.com\/wp-content\/uploads\/2025\/11\/04-1-1024x1024.jpg\" alt=\"\" width=\"800\" height=\"800\" srcset=\"https:\/\/www.perfectlasers.com\/wp-content\/uploads\/2025\/11\/04-1-1024x1024.jpg 1024w, https:\/\/www.perfectlasers.com\/wp-content\/uploads\/2025\/11\/04-1-300x300.jpg 300w, https:\/\/www.perfectlasers.com\/wp-content\/uploads\/2025\/11\/04-1-150x150.jpg 150w, https:\/\/www.perfectlasers.com\/wp-content\/uploads\/2025\/11\/04-1-768x768.jpg 768w, https:\/\/www.perfectlasers.com\/wp-content\/uploads\/2025\/11\/04-1-12x12.jpg 12w, https:\/\/www.perfectlasers.com\/wp-content\/uploads\/2025\/11\/04-1-600x600.jpg 600w, https:\/\/www.perfectlasers.com\/wp-content\/uploads\/2025\/11\/04-1-100x100.jpg 100w, https:\/\/www.perfectlasers.com\/wp-content\/uploads\/2025\/11\/04-1.jpg 1060w\" sizes=\"(max-width: 800px) 100vw, 800px\" \/> <img loading=\"lazy\" decoding=\"async\" class=\"aligncenter size-large wp-image-6129\" src=\"https:\/\/www.perfectlasers.com\/wp-content\/uploads\/2025\/11\/05-1-1024x1024.jpg\" alt=\"\" width=\"800\" height=\"800\" srcset=\"https:\/\/www.perfectlasers.com\/wp-content\/uploads\/2025\/11\/05-1-1024x1024.jpg 1024w, https:\/\/www.perfectlasers.com\/wp-content\/uploads\/2025\/11\/05-1-300x300.jpg 300w, https:\/\/www.perfectlasers.com\/wp-content\/uploads\/2025\/11\/05-1-150x150.jpg 150w, https:\/\/www.perfectlasers.com\/wp-content\/uploads\/2025\/11\/05-1-768x768.jpg 768w, https:\/\/www.perfectlasers.com\/wp-content\/uploads\/2025\/11\/05-1-12x12.jpg 12w, https:\/\/www.perfectlasers.com\/wp-content\/uploads\/2025\/11\/05-1-600x600.jpg 600w, https:\/\/www.perfectlasers.com\/wp-content\/uploads\/2025\/11\/05-1-100x100.jpg 100w, https:\/\/www.perfectlasers.com\/wp-content\/uploads\/2025\/11\/05-1.jpg 1060w\" sizes=\"(max-width: 800px) 100vw, 800px\" \/> <img loading=\"lazy\" decoding=\"async\" class=\"aligncenter size-large wp-image-6130\" src=\"https:\/\/www.perfectlasers.com\/wp-content\/uploads\/2025\/11\/06-1-1024x1024.jpg\" alt=\"\" width=\"800\" height=\"800\" srcset=\"https:\/\/www.perfectlasers.com\/wp-content\/uploads\/2025\/11\/06-1-1024x1024.jpg 1024w, https:\/\/www.perfectlasers.com\/wp-content\/uploads\/2025\/11\/06-1-300x300.jpg 300w, https:\/\/www.perfectlasers.com\/wp-content\/uploads\/2025\/11\/06-1-150x150.jpg 150w, https:\/\/www.perfectlasers.com\/wp-content\/uploads\/2025\/11\/06-1-768x768.jpg 768w, https:\/\/www.perfectlasers.com\/wp-content\/uploads\/2025\/11\/06-1-12x12.jpg 12w, https:\/\/www.perfectlasers.com\/wp-content\/uploads\/2025\/11\/06-1-600x600.jpg 600w, https:\/\/www.perfectlasers.com\/wp-content\/uploads\/2025\/11\/06-1-100x100.jpg 100w, https:\/\/www.perfectlasers.com\/wp-content\/uploads\/2025\/11\/06-1.jpg 1060w\" sizes=\"(max-width: 800px) 100vw, 800px\" \/> <img loading=\"lazy\" decoding=\"async\" class=\"aligncenter size-large wp-image-6131\" src=\"https:\/\/www.perfectlasers.com\/wp-content\/uploads\/2025\/11\/07-1-1024x1024.jpg\" alt=\"\" width=\"800\" height=\"800\" srcset=\"https:\/\/www.perfectlasers.com\/wp-content\/uploads\/2025\/11\/07-1-1024x1024.jpg 1024w, https:\/\/www.perfectlasers.com\/wp-content\/uploads\/2025\/11\/07-1-300x300.jpg 300w, https:\/\/www.perfectlasers.com\/wp-content\/uploads\/2025\/11\/07-1-150x150.jpg 150w, https:\/\/www.perfectlasers.com\/wp-content\/uploads\/2025\/11\/07-1-768x768.jpg 768w, https:\/\/www.perfectlasers.com\/wp-content\/uploads\/2025\/11\/07-1-12x12.jpg 12w, https:\/\/www.perfectlasers.com\/wp-content\/uploads\/2025\/11\/07-1-600x600.jpg 600w, https:\/\/www.perfectlasers.com\/wp-content\/uploads\/2025\/11\/07-1-100x100.jpg 100w, https:\/\/www.perfectlasers.com\/wp-content\/uploads\/2025\/11\/07-1.jpg 1060w\" sizes=\"(max-width: 800px) 100vw, 800px\" \/> <img loading=\"lazy\" decoding=\"async\" class=\"aligncenter size-large wp-image-6132\" src=\"https:\/\/www.perfectlasers.com\/wp-content\/uploads\/2025\/11\/08-1-1024x1024.jpg\" alt=\"\" width=\"800\" height=\"800\" srcset=\"https:\/\/www.perfectlasers.com\/wp-content\/uploads\/2025\/11\/08-1-1024x1024.jpg 1024w, https:\/\/www.perfectlasers.com\/wp-content\/uploads\/2025\/11\/08-1-300x300.jpg 300w, https:\/\/www.perfectlasers.com\/wp-content\/uploads\/2025\/11\/08-1-150x150.jpg 150w, https:\/\/www.perfectlasers.com\/wp-content\/uploads\/2025\/11\/08-1-768x768.jpg 768w, https:\/\/www.perfectlasers.com\/wp-content\/uploads\/2025\/11\/08-1-12x12.jpg 12w, https:\/\/www.perfectlasers.com\/wp-content\/uploads\/2025\/11\/08-1-600x600.jpg 600w, https:\/\/www.perfectlasers.com\/wp-content\/uploads\/2025\/11\/08-1-100x100.jpg 100w, https:\/\/www.perfectlasers.com\/wp-content\/uploads\/2025\/11\/08-1.jpg 1060w\" sizes=\"(max-width: 800px) 100vw, 800px\" \/><\/p>\n<p><img loading=\"lazy\" decoding=\"async\" class=\"aligncenter size-large wp-image-6133\" src=\"https:\/\/www.perfectlasers.com\/wp-content\/uploads\/2025\/11\/09-1-1024x1024.jpg\" alt=\"\" width=\"800\" height=\"800\" srcset=\"https:\/\/www.perfectlasers.com\/wp-content\/uploads\/2025\/11\/09-1-1024x1024.jpg 1024w, https:\/\/www.perfectlasers.com\/wp-content\/uploads\/2025\/11\/09-1-300x300.jpg 300w, https:\/\/www.perfectlasers.com\/wp-content\/uploads\/2025\/11\/09-1-150x150.jpg 150w, https:\/\/www.perfectlasers.com\/wp-content\/uploads\/2025\/11\/09-1-768x768.jpg 768w, https:\/\/www.perfectlasers.com\/wp-content\/uploads\/2025\/11\/09-1-12x12.jpg 12w, https:\/\/www.perfectlasers.com\/wp-content\/uploads\/2025\/11\/09-1-600x600.jpg 600w, https:\/\/www.perfectlasers.com\/wp-content\/uploads\/2025\/11\/09-1-100x100.jpg 100w, https:\/\/www.perfectlasers.com\/wp-content\/uploads\/2025\/11\/09-1.jpg 1060w\" sizes=\"(max-width: 800px) 100vw, 800px\" \/> <img loading=\"lazy\" decoding=\"async\" class=\"aligncenter size-large wp-image-6134\" src=\"https:\/\/www.perfectlasers.com\/wp-content\/uploads\/2025\/11\/10-1-1024x1024.jpg\" alt=\"\" width=\"800\" height=\"800\" srcset=\"https:\/\/www.perfectlasers.com\/wp-content\/uploads\/2025\/11\/10-1-1024x1024.jpg 1024w, https:\/\/www.perfectlasers.com\/wp-content\/uploads\/2025\/11\/10-1-300x300.jpg 300w, https:\/\/www.perfectlasers.com\/wp-content\/uploads\/2025\/11\/10-1-150x150.jpg 150w, https:\/\/www.perfectlasers.com\/wp-content\/uploads\/2025\/11\/10-1-768x768.jpg 768w, https:\/\/www.perfectlasers.com\/wp-content\/uploads\/2025\/11\/10-1-12x12.jpg 12w, https:\/\/www.perfectlasers.com\/wp-content\/uploads\/2025\/11\/10-1-600x600.jpg 600w, https:\/\/www.perfectlasers.com\/wp-content\/uploads\/2025\/11\/10-1-100x100.jpg 100w, https:\/\/www.perfectlasers.com\/wp-content\/uploads\/2025\/11\/10-1.jpg 1060w\" sizes=\"(max-width: 800px) 100vw, 800px\" \/> <img loading=\"lazy\" decoding=\"async\" class=\"aligncenter size-large wp-image-6135\" src=\"https:\/\/www.perfectlasers.com\/wp-content\/uploads\/2025\/11\/11-1-1024x1024.jpg\" alt=\"\" width=\"800\" height=\"800\" srcset=\"https:\/\/www.perfectlasers.com\/wp-content\/uploads\/2025\/11\/11-1-1024x1024.jpg 1024w, https:\/\/www.perfectlasers.com\/wp-content\/uploads\/2025\/11\/11-1-300x300.jpg 300w, https:\/\/www.perfectlasers.com\/wp-content\/uploads\/2025\/11\/11-1-150x150.jpg 150w, https:\/\/www.perfectlasers.com\/wp-content\/uploads\/2025\/11\/11-1-768x768.jpg 768w, https:\/\/www.perfectlasers.com\/wp-content\/uploads\/2025\/11\/11-1-12x12.jpg 12w, https:\/\/www.perfectlasers.com\/wp-content\/uploads\/2025\/11\/11-1-600x600.jpg 600w, https:\/\/www.perfectlasers.com\/wp-content\/uploads\/2025\/11\/11-1-100x100.jpg 100w, https:\/\/www.perfectlasers.com\/wp-content\/uploads\/2025\/11\/11-1.jpg 1060w\" sizes=\"(max-width: 800px) 100vw, 800px\" \/> <img loading=\"lazy\" decoding=\"async\" class=\"aligncenter size-large wp-image-6136\" src=\"https:\/\/www.perfectlasers.com\/wp-content\/uploads\/2025\/11\/12-1-1024x1024.jpg\" alt=\"\" width=\"800\" height=\"800\" srcset=\"https:\/\/www.perfectlasers.com\/wp-content\/uploads\/2025\/11\/12-1-1024x1024.jpg 1024w, https:\/\/www.perfectlasers.com\/wp-content\/uploads\/2025\/11\/12-1-300x300.jpg 300w, https:\/\/www.perfectlasers.com\/wp-content\/uploads\/2025\/11\/12-1-150x150.jpg 150w, https:\/\/www.perfectlasers.com\/wp-content\/uploads\/2025\/11\/12-1-768x768.jpg 768w, https:\/\/www.perfectlasers.com\/wp-content\/uploads\/2025\/11\/12-1-12x12.jpg 12w, https:\/\/www.perfectlasers.com\/wp-content\/uploads\/2025\/11\/12-1-600x600.jpg 600w, https:\/\/www.perfectlasers.com\/wp-content\/uploads\/2025\/11\/12-1-100x100.jpg 100w, https:\/\/www.perfectlasers.com\/wp-content\/uploads\/2025\/11\/12-1.jpg 1060w\" sizes=\"(max-width: 800px) 100vw, 800px\" \/> <img loading=\"lazy\" decoding=\"async\" class=\"aligncenter size-large wp-image-6137\" src=\"https:\/\/www.perfectlasers.com\/wp-content\/uploads\/2025\/11\/13-1-1024x1024.jpg\" alt=\"\" width=\"800\" height=\"800\" srcset=\"https:\/\/www.perfectlasers.com\/wp-content\/uploads\/2025\/11\/13-1-1024x1024.jpg 1024w, https:\/\/www.perfectlasers.com\/wp-content\/uploads\/2025\/11\/13-1-300x300.jpg 300w, https:\/\/www.perfectlasers.com\/wp-content\/uploads\/2025\/11\/13-1-150x150.jpg 150w, https:\/\/www.perfectlasers.com\/wp-content\/uploads\/2025\/11\/13-1-768x768.jpg 768w, https:\/\/www.perfectlasers.com\/wp-content\/uploads\/2025\/11\/13-1-12x12.jpg 12w, https:\/\/www.perfectlasers.com\/wp-content\/uploads\/2025\/11\/13-1-600x600.jpg 600w, https:\/\/www.perfectlasers.com\/wp-content\/uploads\/2025\/11\/13-1-100x100.jpg 100w, https:\/\/www.perfectlasers.com\/wp-content\/uploads\/2025\/11\/13-1.jpg 1060w\" sizes=\"(max-width: 800px) 100vw, 800px\" \/> <img loading=\"lazy\" decoding=\"async\" class=\"aligncenter size-large wp-image-6138\" src=\"https:\/\/www.perfectlasers.com\/wp-content\/uploads\/2025\/11\/14-1-1024x1024.jpg\" alt=\"\" width=\"800\" height=\"800\" srcset=\"https:\/\/www.perfectlasers.com\/wp-content\/uploads\/2025\/11\/14-1-1024x1024.jpg 1024w, https:\/\/www.perfectlasers.com\/wp-content\/uploads\/2025\/11\/14-1-300x300.jpg 300w, https:\/\/www.perfectlasers.com\/wp-content\/uploads\/2025\/11\/14-1-150x150.jpg 150w, https:\/\/www.perfectlasers.com\/wp-content\/uploads\/2025\/11\/14-1-768x768.jpg 768w, https:\/\/www.perfectlasers.com\/wp-content\/uploads\/2025\/11\/14-1-12x12.jpg 12w, https:\/\/www.perfectlasers.com\/wp-content\/uploads\/2025\/11\/14-1-600x600.jpg 600w, https:\/\/www.perfectlasers.com\/wp-content\/uploads\/2025\/11\/14-1-100x100.jpg 100w, https:\/\/www.perfectlasers.com\/wp-content\/uploads\/2025\/11\/14-1.jpg 1060w\" sizes=\"(max-width: 800px) 100vw, 800px\" \/> <img loading=\"lazy\" decoding=\"async\" class=\"aligncenter size-large wp-image-6139\" src=\"https:\/\/www.perfectlasers.com\/wp-content\/uploads\/2025\/11\/15-1-1024x1024.jpg\" alt=\"\" width=\"800\" height=\"800\" srcset=\"https:\/\/www.perfectlasers.com\/wp-content\/uploads\/2025\/11\/15-1-1024x1024.jpg 1024w, https:\/\/www.perfectlasers.com\/wp-content\/uploads\/2025\/11\/15-1-300x300.jpg 300w, https:\/\/www.perfectlasers.com\/wp-content\/uploads\/2025\/11\/15-1-150x150.jpg 150w, https:\/\/www.perfectlasers.com\/wp-content\/uploads\/2025\/11\/15-1-768x768.jpg 768w, https:\/\/www.perfectlasers.com\/wp-content\/uploads\/2025\/11\/15-1-12x12.jpg 12w, https:\/\/www.perfectlasers.com\/wp-content\/uploads\/2025\/11\/15-1-600x600.jpg 600w, https:\/\/www.perfectlasers.com\/wp-content\/uploads\/2025\/11\/15-1-100x100.jpg 100w, https:\/\/www.perfectlasers.com\/wp-content\/uploads\/2025\/11\/15-1.jpg 1060w\" sizes=\"(max-width: 800px) 100vw, 800px\" \/> <img loading=\"lazy\" decoding=\"async\" class=\"aligncenter size-large wp-image-6140\" src=\"https:\/\/www.perfectlasers.com\/wp-content\/uploads\/2025\/11\/16-1-1024x1024.jpg\" alt=\"\" width=\"800\" height=\"800\" srcset=\"https:\/\/www.perfectlasers.com\/wp-content\/uploads\/2025\/11\/16-1-1024x1024.jpg 1024w, https:\/\/www.perfectlasers.com\/wp-content\/uploads\/2025\/11\/16-1-300x300.jpg 300w, https:\/\/www.perfectlasers.com\/wp-content\/uploads\/2025\/11\/16-1-150x150.jpg 150w, https:\/\/www.perfectlasers.com\/wp-content\/uploads\/2025\/11\/16-1-768x768.jpg 768w, https:\/\/www.perfectlasers.com\/wp-content\/uploads\/2025\/11\/16-1-12x12.jpg 12w, https:\/\/www.perfectlasers.com\/wp-content\/uploads\/2025\/11\/16-1-600x600.jpg 600w, https:\/\/www.perfectlasers.com\/wp-content\/uploads\/2025\/11\/16-1-100x100.jpg 100w, https:\/\/www.perfectlasers.com\/wp-content\/uploads\/2025\/11\/16-1.jpg 1060w\" sizes=\"(max-width: 800px) 100vw, 800px\" \/> <img loading=\"lazy\" decoding=\"async\" class=\"aligncenter size-large wp-image-6141\" src=\"https:\/\/www.perfectlasers.com\/wp-content\/uploads\/2025\/11\/17-1-1024x1024.jpg\" alt=\"\" width=\"800\" height=\"800\" srcset=\"https:\/\/www.perfectlasers.com\/wp-content\/uploads\/2025\/11\/17-1-1024x1024.jpg 1024w, https:\/\/www.perfectlasers.com\/wp-content\/uploads\/2025\/11\/17-1-300x300.jpg 300w, https:\/\/www.perfectlasers.com\/wp-content\/uploads\/2025\/11\/17-1-150x150.jpg 150w, https:\/\/www.perfectlasers.com\/wp-content\/uploads\/2025\/11\/17-1-768x768.jpg 768w, https:\/\/www.perfectlasers.com\/wp-content\/uploads\/2025\/11\/17-1-12x12.jpg 12w, https:\/\/www.perfectlasers.com\/wp-content\/uploads\/2025\/11\/17-1-600x600.jpg 600w, https:\/\/www.perfectlasers.com\/wp-content\/uploads\/2025\/11\/17-1-100x100.jpg 100w, https:\/\/www.perfectlasers.com\/wp-content\/uploads\/2025\/11\/17-1.jpg 1060w\" sizes=\"(max-width: 800px) 100vw, 800px\" \/><\/p>","protected":false},"excerpt":{"rendered":"<table style=\"border-collapse: collapse; width: 469.52pt;\" border=\"0\" width=\"939\" cellspacing=\"0\" cellpadding=\"0\">\n<tbody>\n<tr style=\"height: 14.00pt;\">\n<td style=\"height: 14pt; width: 140pt; text-align: center;\" width=\"280\" height=\"28\">Name<\/td>\n<td style=\"width: 329.5pt; text-align: center;\" width=\"659\">Q Schalter Laser Tattoo Entfernungssystem<\/td>\n<\/tr>\n<tr style=\"height: 14.00pt;\">\n<td style=\"height: 14pt; text-align: center;\" height=\"28\">Laserart<\/td>\n<td style=\"text-align: center;\">Q Schalter<\/td>\n<\/tr>\n<tr style=\"height: 28.00pt;\">\n<td style=\"height: 28pt; text-align: center;\" height=\"56\">Wellenl\u00e4ngen<\/td>\n<td class=\"et2\" style=\"width: 329.5pt; text-align: center;\" width=\"659\">Standard: 1064nm \/ 532nm, 15mm langes Puls Handst\u00fcck<br \/>\nOptional: 585nm, 650nm, 1320nm<\/td>\n<\/tr>\n<tr style=\"height: 14.00pt;\">\n<td style=\"height: 14pt; text-align: center;\" height=\"28\">Energie<\/td>\n<td style=\"text-align: center;\">1200mj (1064nm): 700mj (532nm)<\/td>\n<\/tr>\n<tr style=\"height: 14.00pt;\">\n<td style=\"height: 14pt; text-align: center;\" height=\"28\">Frequenz<\/td>\n<td style=\"text-align: center;\">20 Hz<\/td>\n<\/tr>\n<tr style=\"height: 14.00pt;\">\n<td style=\"height: 14pt; text-align: center;\" height=\"28\">K\u00fchlsystem<\/td>\n<td style=\"text-align: center;\">Wasserk\u00fchlung Luftk\u00fchlung Kompressork\u00fchlung<\/td>\n<\/tr>\n<tr style=\"height: 14.00pt;\">\n<td style=\"height: 14pt; text-align: center;\" height=\"28\">OEM &amp; amp; ODM<\/td>\n<td style=\"text-align: center;\">Verf\u00fcgbar<\/td>\n<\/tr>\n<tr style=\"height: 14.00pt;\">\n<td style=\"height: 14pt; text-align: center;\" height=\"28\">Ausgangsleistung<\/td>\n<td style=\"text-align: center;\">5000W<\/td>\n<\/tr>\n<tr style=\"height: 14.00pt;\">\n<td style=\"height: 14pt; text-align: center;\" height=\"28\">Bildschirm<\/td>\n<td style=\"text-align: center;\">15,6 Zoll Farbtouchbildschirm<\/td>\n<\/tr>\n<tr style=\"height: 14.00pt;\">\n<td style=\"height: 14pt; text-align: center;\" height=\"28\">Spannung<\/td>\n<td style=\"text-align: center;\">110V \/ 220V<\/td>\n<\/tr>\n<\/tbody>\n<\/table>","protected":false},"featured_media":6142,"comment_status":"open","ping_status":"closed","template":"","meta":[],"product_brand":[],"product_cat":[39],"product_tag":[],"class_list":{"0":"post-6107","1":"product","2":"type-product","3":"status-publish","4":"has-post-thumbnail","6":"product_cat-picosecond-tattoo-removal-machine","8":"first","9":"instock","10":"shipping-taxable","11":"product-type-simple"},"_links":{"self":[{"href":"https:\/\/www.perfectlasers.com\/de\/wp-json\/wp\/v2\/product\/6107","targetHints":{"allow":["GET"]}}],"collection":[{"href":"https:\/\/www.perfectlasers.com\/de\/wp-json\/wp\/v2\/product"}],"about":[{"href":"https:\/\/www.perfectlasers.com\/de\/wp-json\/wp\/v2\/types\/product"}],"replies":[{"embeddable":true,"href":"https:\/\/www.perfectlasers.com\/de\/wp-json\/wp\/v2\/comments?post=6107"}],"wp:featuredmedia":[{"embeddable":true,"href":"https:\/\/www.perfectlasers.com\/de\/wp-json\/wp\/v2\/media\/6142"}],"wp:attachment":[{"href":"https:\/\/www.perfectlasers.com\/de\/wp-json\/wp\/v2\/media?parent=6107"}],"wp:term":[{"taxonomy":"product_brand","embeddable":true,"href":"https:\/\/www.perfectlasers.com\/de\/wp-json\/wp\/v2\/product_brand?post=6107"},{"taxonomy":"product_cat","embeddable":true,"href":"https:\/\/www.perfectlasers.com\/de\/wp-json\/wp\/v2\/product_cat?post=6107"},{"taxonomy":"product_tag","embeddable":true,"href":"https:\/\/www.perfectlasers.com\/de\/wp-json\/wp\/v2\/product_tag?post=6107"}],"curies":[{"name":"WP","href":"https:\/\/api.w.org\/{rel}","templated":true}]}}