{"id":3211,"date":"2024-07-30T14:14:51","date_gmt":"2024-07-30T06:14:51","guid":{"rendered":"https:\/\/perfectlasers.com\/?post_type=product&#038;p=3211"},"modified":"2024-12-04T15:43:27","modified_gmt":"2024-12-04T07:43:27","slug":"70w-10600nm-co2-franctional-laser-machine","status":"publish","type":"product","link":"https:\/\/www.perfectlasers.com\/fr\/product\/70w-10600nm-co2-franctional-laser-machine\/","title":{"rendered":"Machine laser Franctional de Co2 de 70W 10600nm"},"content":{"rendered":"<p>Nous vous pr\u00e9sentons notre machine de beaut\u00e9 laser fractionnelle CO2, la solution ultime pour rajeunir et revitaliser votre peau. Profitant de la puissance de la technologie avanc\u00e9e de laser fractionn\u00e9 CO2, cette machine de pointe offre des r\u00e9sultats remarquables dans le resurfacing de la peau, la r\u00e9duction des rides et le rajeunissement global de la peau.<\/p>\n<p>Le laser fractionn\u00e9 CO2 \u00e9met un faisceau de lumi\u00e8re pr\u00e9cis et contr\u00f4l\u00e9 qui cible les couches plus profondes de la peau. Cela stimule la production de collag\u00e8ne, favorise le retour cellulaire et am\u00e9liore la texture et le ton de la peau. Dites au revoir aux lignes fines, aux rides, aux cicatrices d'acn\u00e9 et aux probl\u00e8mes de pigmentation car ce traitement laser puissant permet de r\u00e9v\u00e9ler une peau plus lisse et plus jeune.<\/p>\n<p>Notre machine de beaut\u00e9 laser fractionnelle CO2 dispose de param\u00e8tres personnalisables, permettant des traitements sur mesure qui r\u00e9pondent aux probl\u00e8mes individuels de la peau. Si vous&#8217; pour cibler des zones sp\u00e9cifiques ou rajeunir tout le visage, notre machine assure la pr\u00e9cision et l'efficacit\u00e9.<\/p>\n<p>Le traitement est non invasif et n\u00e9cessite un temps d'arr\u00eat minimal, ce qui en fait une option pratique pour ceux qui ont un mode de vie occup\u00e9. D\u00e9couvrez les effets transformateurs de notre technologie laser fractionn\u00e9 CO2 sans avoir besoin de proc\u00e9dures invasives ou de p\u00e9riodes de r\u00e9cup\u00e9ration prolong\u00e9es.<\/p>\n<p>Faites confiance \u00e0 l'expertise de nos professionnels et \u00e0 la technologie avanc\u00e9e de notre machine de beaut\u00e9 laser fractionnelle CO2. D\u00e9voiler votre peau&#8217; s beaut\u00e9 naturelle et retrouver votre lueur jeune.<\/p>\n<p>Contactez-nous aujourd'hui pour planifier une consultation et en savoir plus sur la fa\u00e7on dont notre machine de beaut\u00e9 laser fractionnelle CO2 peut vous aider \u00e0 obtenir une peau plus lisse et plus jeune. Embrassez la puissance de la technologie avanc\u00e9e et d\u00e9verrouillez votre peau&#8217; vrai potentiel.<\/p>\n<p><img fetchpriority=\"high\" decoding=\"async\" class=\"aligncenter size-large wp-image-3212\" src=\"https:\/\/perfectlasers.com\/wp-content\/uploads\/sites\/87\/2024\/07\/01-3-1024x1024.jpg\" alt=\"\" width=\"800\" height=\"800\" srcset=\"https:\/\/www.perfectlasers.com\/wp-content\/uploads\/2024\/07\/01-3-1024x1024.jpg 1024w, https:\/\/www.perfectlasers.com\/wp-content\/uploads\/2024\/07\/01-3-300x300.jpg 300w, https:\/\/www.perfectlasers.com\/wp-content\/uploads\/2024\/07\/01-3-150x150.jpg 150w, https:\/\/www.perfectlasers.com\/wp-content\/uploads\/2024\/07\/01-3-768x768.jpg 768w, https:\/\/www.perfectlasers.com\/wp-content\/uploads\/2024\/07\/01-3-600x600.jpg 600w, https:\/\/www.perfectlasers.com\/wp-content\/uploads\/2024\/07\/01-3-100x100.jpg 100w, https:\/\/www.perfectlasers.com\/wp-content\/uploads\/2024\/07\/01-3.jpg 1060w\" sizes=\"(max-width: 800px) 100vw, 800px\" \/> <img decoding=\"async\" class=\"aligncenter size-large wp-image-3213\" src=\"https:\/\/perfectlasers.com\/wp-content\/uploads\/sites\/87\/2024\/07\/02-3-1024x1024.jpg\" alt=\"\" width=\"800\" height=\"800\" srcset=\"https:\/\/www.perfectlasers.com\/wp-content\/uploads\/2024\/07\/02-3-1024x1024.jpg 1024w, https:\/\/www.perfectlasers.com\/wp-content\/uploads\/2024\/07\/02-3-300x300.jpg 300w, https:\/\/www.perfectlasers.com\/wp-content\/uploads\/2024\/07\/02-3-150x150.jpg 150w, https:\/\/www.perfectlasers.com\/wp-content\/uploads\/2024\/07\/02-3-768x768.jpg 768w, https:\/\/www.perfectlasers.com\/wp-content\/uploads\/2024\/07\/02-3-600x600.jpg 600w, https:\/\/www.perfectlasers.com\/wp-content\/uploads\/2024\/07\/02-3-100x100.jpg 100w, https:\/\/www.perfectlasers.com\/wp-content\/uploads\/2024\/07\/02-3.jpg 1060w\" sizes=\"(max-width: 800px) 100vw, 800px\" \/> <img decoding=\"async\" class=\"aligncenter size-large wp-image-3214\" src=\"https:\/\/perfectlasers.com\/wp-content\/uploads\/sites\/87\/2024\/07\/03-3-1024x1024.jpg\" alt=\"\" width=\"800\" height=\"800\" srcset=\"https:\/\/www.perfectlasers.com\/wp-content\/uploads\/2024\/07\/03-3-1024x1024.jpg 1024w, https:\/\/www.perfectlasers.com\/wp-content\/uploads\/2024\/07\/03-3-300x300.jpg 300w, https:\/\/www.perfectlasers.com\/wp-content\/uploads\/2024\/07\/03-3-150x150.jpg 150w, https:\/\/www.perfectlasers.com\/wp-content\/uploads\/2024\/07\/03-3-768x768.jpg 768w, https:\/\/www.perfectlasers.com\/wp-content\/uploads\/2024\/07\/03-3-600x600.jpg 600w, https:\/\/www.perfectlasers.com\/wp-content\/uploads\/2024\/07\/03-3-100x100.jpg 100w, https:\/\/www.perfectlasers.com\/wp-content\/uploads\/2024\/07\/03-3.jpg 1060w\" sizes=\"(max-width: 800px) 100vw, 800px\" \/> <img loading=\"lazy\" decoding=\"async\" class=\"aligncenter size-large wp-image-3215\" src=\"https:\/\/perfectlasers.com\/wp-content\/uploads\/sites\/87\/2024\/07\/04-3-1024x1024.jpg\" alt=\"\" width=\"800\" height=\"800\" srcset=\"https:\/\/www.perfectlasers.com\/wp-content\/uploads\/2024\/07\/04-3-1024x1024.jpg 1024w, https:\/\/www.perfectlasers.com\/wp-content\/uploads\/2024\/07\/04-3-300x300.jpg 300w, https:\/\/www.perfectlasers.com\/wp-content\/uploads\/2024\/07\/04-3-150x150.jpg 150w, https:\/\/www.perfectlasers.com\/wp-content\/uploads\/2024\/07\/04-3-768x768.jpg 768w, https:\/\/www.perfectlasers.com\/wp-content\/uploads\/2024\/07\/04-3-600x600.jpg 600w, https:\/\/www.perfectlasers.com\/wp-content\/uploads\/2024\/07\/04-3-100x100.jpg 100w, https:\/\/www.perfectlasers.com\/wp-content\/uploads\/2024\/07\/04-3.jpg 1060w\" sizes=\"(max-width: 800px) 100vw, 800px\" \/> <img loading=\"lazy\" decoding=\"async\" class=\"aligncenter size-large wp-image-3216\" src=\"https:\/\/perfectlasers.com\/wp-content\/uploads\/sites\/87\/2024\/07\/05-3-1024x1024.jpg\" alt=\"\" width=\"800\" height=\"800\" srcset=\"https:\/\/www.perfectlasers.com\/wp-content\/uploads\/2024\/07\/05-3-1024x1024.jpg 1024w, https:\/\/www.perfectlasers.com\/wp-content\/uploads\/2024\/07\/05-3-300x300.jpg 300w, https:\/\/www.perfectlasers.com\/wp-content\/uploads\/2024\/07\/05-3-150x150.jpg 150w, https:\/\/www.perfectlasers.com\/wp-content\/uploads\/2024\/07\/05-3-768x768.jpg 768w, https:\/\/www.perfectlasers.com\/wp-content\/uploads\/2024\/07\/05-3-600x600.jpg 600w, https:\/\/www.perfectlasers.com\/wp-content\/uploads\/2024\/07\/05-3-100x100.jpg 100w, https:\/\/www.perfectlasers.com\/wp-content\/uploads\/2024\/07\/05-3.jpg 1060w\" sizes=\"(max-width: 800px) 100vw, 800px\" \/> <img loading=\"lazy\" decoding=\"async\" class=\"aligncenter size-large wp-image-3217\" src=\"https:\/\/perfectlasers.com\/wp-content\/uploads\/sites\/87\/2024\/07\/06-3-1024x1024.jpg\" alt=\"\" width=\"800\" height=\"800\" srcset=\"https:\/\/www.perfectlasers.com\/wp-content\/uploads\/2024\/07\/06-3-1024x1024.jpg 1024w, https:\/\/www.perfectlasers.com\/wp-content\/uploads\/2024\/07\/06-3-300x300.jpg 300w, https:\/\/www.perfectlasers.com\/wp-content\/uploads\/2024\/07\/06-3-150x150.jpg 150w, https:\/\/www.perfectlasers.com\/wp-content\/uploads\/2024\/07\/06-3-768x768.jpg 768w, https:\/\/www.perfectlasers.com\/wp-content\/uploads\/2024\/07\/06-3-600x600.jpg 600w, https:\/\/www.perfectlasers.com\/wp-content\/uploads\/2024\/07\/06-3-100x100.jpg 100w, https:\/\/www.perfectlasers.com\/wp-content\/uploads\/2024\/07\/06-3.jpg 1060w\" sizes=\"(max-width: 800px) 100vw, 800px\" \/> <img loading=\"lazy\" decoding=\"async\" class=\"aligncenter size-large wp-image-3218\" src=\"https:\/\/perfectlasers.com\/wp-content\/uploads\/sites\/87\/2024\/07\/07-3-1024x1024.jpg\" alt=\"\" width=\"800\" height=\"800\" srcset=\"https:\/\/www.perfectlasers.com\/wp-content\/uploads\/2024\/07\/07-3-1024x1024.jpg 1024w, https:\/\/www.perfectlasers.com\/wp-content\/uploads\/2024\/07\/07-3-300x300.jpg 300w, https:\/\/www.perfectlasers.com\/wp-content\/uploads\/2024\/07\/07-3-150x150.jpg 150w, https:\/\/www.perfectlasers.com\/wp-content\/uploads\/2024\/07\/07-3-768x768.jpg 768w, https:\/\/www.perfectlasers.com\/wp-content\/uploads\/2024\/07\/07-3-600x600.jpg 600w, https:\/\/www.perfectlasers.com\/wp-content\/uploads\/2024\/07\/07-3-100x100.jpg 100w, https:\/\/www.perfectlasers.com\/wp-content\/uploads\/2024\/07\/07-3.jpg 1060w\" sizes=\"(max-width: 800px) 100vw, 800px\" \/> <img loading=\"lazy\" decoding=\"async\" class=\"aligncenter size-large wp-image-3219\" src=\"https:\/\/perfectlasers.com\/wp-content\/uploads\/sites\/87\/2024\/07\/08-3-1024x1024.jpg\" alt=\"\" width=\"800\" height=\"800\" srcset=\"https:\/\/www.perfectlasers.com\/wp-content\/uploads\/2024\/07\/08-3-1024x1024.jpg 1024w, https:\/\/www.perfectlasers.com\/wp-content\/uploads\/2024\/07\/08-3-300x300.jpg 300w, https:\/\/www.perfectlasers.com\/wp-content\/uploads\/2024\/07\/08-3-150x150.jpg 150w, https:\/\/www.perfectlasers.com\/wp-content\/uploads\/2024\/07\/08-3-768x768.jpg 768w, https:\/\/www.perfectlasers.com\/wp-content\/uploads\/2024\/07\/08-3-600x600.jpg 600w, https:\/\/www.perfectlasers.com\/wp-content\/uploads\/2024\/07\/08-3-100x100.jpg 100w, https:\/\/www.perfectlasers.com\/wp-content\/uploads\/2024\/07\/08-3.jpg 1060w\" sizes=\"(max-width: 800px) 100vw, 800px\" \/> <img loading=\"lazy\" decoding=\"async\" class=\"aligncenter size-large wp-image-3220\" src=\"https:\/\/perfectlasers.com\/wp-content\/uploads\/sites\/87\/2024\/07\/09-3-1024x1024.jpg\" alt=\"\" width=\"800\" height=\"800\" srcset=\"https:\/\/www.perfectlasers.com\/wp-content\/uploads\/2024\/07\/09-3-1024x1024.jpg 1024w, https:\/\/www.perfectlasers.com\/wp-content\/uploads\/2024\/07\/09-3-300x300.jpg 300w, https:\/\/www.perfectlasers.com\/wp-content\/uploads\/2024\/07\/09-3-150x150.jpg 150w, https:\/\/www.perfectlasers.com\/wp-content\/uploads\/2024\/07\/09-3-768x768.jpg 768w, https:\/\/www.perfectlasers.com\/wp-content\/uploads\/2024\/07\/09-3-600x600.jpg 600w, https:\/\/www.perfectlasers.com\/wp-content\/uploads\/2024\/07\/09-3-100x100.jpg 100w, https:\/\/www.perfectlasers.com\/wp-content\/uploads\/2024\/07\/09-3.jpg 1060w\" sizes=\"(max-width: 800px) 100vw, 800px\" \/><\/p>","protected":false},"excerpt":{"rendered":"<table style=\"border-collapse: collapse; width: 103.14%; height: 224px;\" border=\"0\" width=\"720\" cellspacing=\"0\" cellpadding=\"0\">\n<tbody>\n<tr style=\"height: 28.00pt;\">\n<td class=\"et2\" style=\"height: 28px; width: 144.65pt;\" width=\"192\" height=\"37\">Nom<\/td>\n<td class=\"et2\" style=\"width: 395.35pt; height: 28px;\" width=\"527\">Machine laser Franctional de Co2 de 70W 10600nm<\/td>\n<\/tr>\n<tr style=\"height: 28.00pt;\">\n<td class=\"et2\" style=\"height: 28px;\" height=\"37\">Le syst\u00e8me de guidage de la lumi\u00e8re<\/td>\n<td class=\"et2\" style=\"height: 28px;\">7 Bras laser import\u00e9 conjoint<\/td>\n<\/tr>\n<tr style=\"height: 28.00pt;\">\n<td class=\"et2\" style=\"height: 28px;\" height=\"37\">SOURCE LASER<\/td>\n<td class=\"et2\" style=\"height: 28px;\">tube RF<\/td>\n<\/tr>\n<tr style=\"height: 28.00pt;\">\n<td class=\"et2\" style=\"height: 28px;\" height=\"37\">DIAMETRE DU POT DE FOCUS<\/td>\n<td class=\"et2\" style=\"height: 28px;\">20 * 20 mm<\/td>\n<\/tr>\n<tr style=\"height: 28.00pt;\">\n<td class=\"et2\" style=\"height: 28px;\" height=\"37\">LARGEUR DE POULSE<\/td>\n<td class=\"et2\" style=\"height: 28px;\">0.1ms-100ms<\/td>\n<\/tr>\n<tr style=\"height: 28.00pt;\">\n<td class=\"et2\" style=\"height: 28px;\" height=\"37\">POU\u00c8RE LASER<\/td>\n<td class=\"et2\" style=\"height: 28px;\">70 watts<\/td>\n<\/tr>\n<tr style=\"height: 28.00pt;\">\n<td class=\"et2\" style=\"height: 28px;\" height=\"37\">LONGUEUR D'ONDE<\/td>\n<td class=\"et2\" style=\"height: 28px;\">10600 nm<\/td>\n<\/tr>\n<tr style=\"height: 28.00pt;\">\n<td class=\"et2\" style=\"height: 28px;\" height=\"37\">\u00c9cran<\/td>\n<td class=\"et2\" style=\"height: 28px;\">11,6 pouces<\/td>\n<\/tr>\n<\/tbody>\n<\/table>","protected":false},"featured_media":3221,"template":"","meta":[],"product_brand":[],"product_cat":[35],"product_tag":[],"class_list":{"0":"post-3211","1":"product","2":"type-product","3":"status-publish","4":"has-post-thumbnail","6":"product_cat-co2-fractional-laser-beauty-machine","8":"first","9":"instock","10":"shipping-taxable","11":"product-type-simple"},"_links":{"self":[{"href":"https:\/\/www.perfectlasers.com\/fr\/wp-json\/wp\/v2\/product\/3211","targetHints":{"allow":["GET"]}}],"collection":[{"href":"https:\/\/www.perfectlasers.com\/fr\/wp-json\/wp\/v2\/product"}],"about":[{"href":"https:\/\/www.perfectlasers.com\/fr\/wp-json\/wp\/v2\/types\/product"}],"wp:featuredmedia":[{"embeddable":true,"href":"https:\/\/www.perfectlasers.com\/fr\/wp-json\/wp\/v2\/media\/3221"}],"wp:attachment":[{"href":"https:\/\/www.perfectlasers.com\/fr\/wp-json\/wp\/v2\/media?parent=3211"}],"wp:term":[{"taxonomy":"product_brand","embeddable":true,"href":"https:\/\/www.perfectlasers.com\/fr\/wp-json\/wp\/v2\/product_brand?post=3211"},{"taxonomy":"product_cat","embeddable":true,"href":"https:\/\/www.perfectlasers.com\/fr\/wp-json\/wp\/v2\/product_cat?post=3211"},{"taxonomy":"product_tag","embeddable":true,"href":"https:\/\/www.perfectlasers.com\/fr\/wp-json\/wp\/v2\/product_tag?post=3211"}],"curies":[{"name":"WP","href":"https:\/\/api.w.org\/{rel}","templated":true}]}}