{"id":2657,"date":"2024-06-24T15:33:46","date_gmt":"2024-06-24T07:33:46","guid":{"rendered":"https:\/\/perfectlasers.com\/?post_type=product&#038;p=2657"},"modified":"2024-06-24T16:51:17","modified_gmt":"2024-06-24T08:51:17","slug":"portable-4-handles-360-cryolipolysis-machine","status":"publish","type":"product","link":"https:\/\/www.perfectlasers.com\/it\/product\/portable-4-handles-360-cryolipolysis-machine\/","title":{"rendered":"Macchina portatile 4 maniglie 360 Cryolipolisis"},"content":{"rendered":"<p>Il principio di funzionamento di una macchina di criolipolisi si basa principalmente sul congelamento delle cellule grasse per ottenere effetti di perdita di peso. Ecco una spiegazione dettagliata del suo principio di funzionamento:<\/p>\n<p>Congelare le cellule grasse: la macchina di criolipolisi utilizza una tecnologia unica per congelare le cellule grasse nell'area del corpo mirata per distruggerle in modo permanente. Questo \u00e8 generalmente ottenuto raffreddando l'area a una temperatura sufficientemente bassa all'interno dell'applicatore di trattamento, che \u00e8 sufficiente per congelare le cellule adipose.<\/p>\n<p>Distruzione delle cellule grasse: una volta che le cellule grasse sono congelate, perdono la loro attivit\u00e0 e vengono gradualmente distrutte. Questo \u00e8 un processo naturale in quanto le cellule grasse non possono sopravvivere a temperature fredde estreme.<\/p>\n<p>Metabolismo e eliminazione dei grassi: le cellule grasse distrutte vengono poi gradualmente assorbite ed eliminate dal corpo attraverso il suo processo metabolico naturale. Questo processo pu\u00f2 richiedere un po 'di tempo, ma nel tempo, il grasso diminuisce gradualmente.<\/p>\n<p>Trattamento non invasivo: Rispetto alla chirurgia tradizionale di liposuzione, la macchina di criolipolisi \u00e8 un metodo di trattamento non invasivo. Ci\u00f2 significa che non richiede incisioni chirurgiche o anestesia, consentendo ai pazienti di riprendere le normali attivit\u00e0 immediatamente dopo il trattamento.<\/p>\n<p>Trattamento mirato: la macchina di criolipolisi pu\u00f2 mirare aree specifiche del corpo per il trattamento, come i depositi di grasso testardi nell'addome, nella vita, nelle cosce e nelle braccia. Questo lo rende un metodo efficace per la perdita di peso localizzata.<\/p>\n<p>Risultati a lungo termine: una volta distrutte le cellule grasse, non si rigenerano. Ci\u00f2 significa che i pazienti possono mantenere una figura pi\u00f9 sottile per un lungo periodo di tempo senza richiedere ulteriori trattamenti o interventi chirurgici.<\/p>\n<p><img fetchpriority=\"high\" decoding=\"async\" class=\"aligncenter size-large wp-image-2658\" src=\"https:\/\/perfectlasers.com\/wp-content\/uploads\/sites\/87\/2024\/06\/01-3-1024x1024.jpg\" alt=\"\" width=\"800\" height=\"800\" srcset=\"https:\/\/www.perfectlasers.com\/wp-content\/uploads\/2024\/06\/01-3-1024x1024.jpg 1024w, https:\/\/www.perfectlasers.com\/wp-content\/uploads\/2024\/06\/01-3-300x300.jpg 300w, https:\/\/www.perfectlasers.com\/wp-content\/uploads\/2024\/06\/01-3-150x150.jpg 150w, https:\/\/www.perfectlasers.com\/wp-content\/uploads\/2024\/06\/01-3-768x768.jpg 768w, https:\/\/www.perfectlasers.com\/wp-content\/uploads\/2024\/06\/01-3-600x600.jpg 600w, https:\/\/www.perfectlasers.com\/wp-content\/uploads\/2024\/06\/01-3-100x100.jpg 100w, https:\/\/www.perfectlasers.com\/wp-content\/uploads\/2024\/06\/01-3.jpg 1060w\" sizes=\"(max-width: 800px) 100vw, 800px\" \/> <img decoding=\"async\" class=\"aligncenter size-large wp-image-2659\" src=\"https:\/\/perfectlasers.com\/wp-content\/uploads\/sites\/87\/2024\/06\/02-3-1024x1024.jpg\" alt=\"\" width=\"800\" height=\"800\" srcset=\"https:\/\/www.perfectlasers.com\/wp-content\/uploads\/2024\/06\/02-3-1024x1024.jpg 1024w, https:\/\/www.perfectlasers.com\/wp-content\/uploads\/2024\/06\/02-3-300x300.jpg 300w, https:\/\/www.perfectlasers.com\/wp-content\/uploads\/2024\/06\/02-3-150x150.jpg 150w, https:\/\/www.perfectlasers.com\/wp-content\/uploads\/2024\/06\/02-3-768x768.jpg 768w, https:\/\/www.perfectlasers.com\/wp-content\/uploads\/2024\/06\/02-3-600x600.jpg 600w, https:\/\/www.perfectlasers.com\/wp-content\/uploads\/2024\/06\/02-3-100x100.jpg 100w, https:\/\/www.perfectlasers.com\/wp-content\/uploads\/2024\/06\/02-3.jpg 1060w\" sizes=\"(max-width: 800px) 100vw, 800px\" \/> <img decoding=\"async\" class=\"aligncenter size-large wp-image-2660\" src=\"https:\/\/perfectlasers.com\/wp-content\/uploads\/sites\/87\/2024\/06\/03-3-1024x1024.jpg\" alt=\"\" width=\"800\" height=\"800\" srcset=\"https:\/\/www.perfectlasers.com\/wp-content\/uploads\/2024\/06\/03-3-1024x1024.jpg 1024w, https:\/\/www.perfectlasers.com\/wp-content\/uploads\/2024\/06\/03-3-300x300.jpg 300w, https:\/\/www.perfectlasers.com\/wp-content\/uploads\/2024\/06\/03-3-150x150.jpg 150w, https:\/\/www.perfectlasers.com\/wp-content\/uploads\/2024\/06\/03-3-768x768.jpg 768w, https:\/\/www.perfectlasers.com\/wp-content\/uploads\/2024\/06\/03-3-600x600.jpg 600w, https:\/\/www.perfectlasers.com\/wp-content\/uploads\/2024\/06\/03-3-100x100.jpg 100w, https:\/\/www.perfectlasers.com\/wp-content\/uploads\/2024\/06\/03-3.jpg 1060w\" sizes=\"(max-width: 800px) 100vw, 800px\" \/> <img loading=\"lazy\" decoding=\"async\" class=\"aligncenter size-large wp-image-2661\" src=\"https:\/\/perfectlasers.com\/wp-content\/uploads\/sites\/87\/2024\/06\/04-3-1024x1024.jpg\" alt=\"\" width=\"800\" height=\"800\" srcset=\"https:\/\/www.perfectlasers.com\/wp-content\/uploads\/2024\/06\/04-3-1024x1024.jpg 1024w, https:\/\/www.perfectlasers.com\/wp-content\/uploads\/2024\/06\/04-3-300x300.jpg 300w, https:\/\/www.perfectlasers.com\/wp-content\/uploads\/2024\/06\/04-3-150x150.jpg 150w, https:\/\/www.perfectlasers.com\/wp-content\/uploads\/2024\/06\/04-3-768x768.jpg 768w, https:\/\/www.perfectlasers.com\/wp-content\/uploads\/2024\/06\/04-3-600x600.jpg 600w, https:\/\/www.perfectlasers.com\/wp-content\/uploads\/2024\/06\/04-3-100x100.jpg 100w, https:\/\/www.perfectlasers.com\/wp-content\/uploads\/2024\/06\/04-3.jpg 1060w\" sizes=\"(max-width: 800px) 100vw, 800px\" \/> <img loading=\"lazy\" decoding=\"async\" class=\"aligncenter size-large wp-image-2662\" src=\"https:\/\/perfectlasers.com\/wp-content\/uploads\/sites\/87\/2024\/06\/05-3-1024x1024.jpg\" alt=\"\" width=\"800\" height=\"800\" srcset=\"https:\/\/www.perfectlasers.com\/wp-content\/uploads\/2024\/06\/05-3-1024x1024.jpg 1024w, https:\/\/www.perfectlasers.com\/wp-content\/uploads\/2024\/06\/05-3-300x300.jpg 300w, https:\/\/www.perfectlasers.com\/wp-content\/uploads\/2024\/06\/05-3-150x150.jpg 150w, https:\/\/www.perfectlasers.com\/wp-content\/uploads\/2024\/06\/05-3-768x768.jpg 768w, https:\/\/www.perfectlasers.com\/wp-content\/uploads\/2024\/06\/05-3-600x600.jpg 600w, https:\/\/www.perfectlasers.com\/wp-content\/uploads\/2024\/06\/05-3-100x100.jpg 100w, https:\/\/www.perfectlasers.com\/wp-content\/uploads\/2024\/06\/05-3.jpg 1060w\" sizes=\"(max-width: 800px) 100vw, 800px\" \/> <img loading=\"lazy\" decoding=\"async\" class=\"aligncenter size-large wp-image-2663\" src=\"https:\/\/perfectlasers.com\/wp-content\/uploads\/sites\/87\/2024\/06\/06-3-1024x1024.jpg\" alt=\"\" width=\"800\" height=\"800\" srcset=\"https:\/\/www.perfectlasers.com\/wp-content\/uploads\/2024\/06\/06-3-1024x1024.jpg 1024w, https:\/\/www.perfectlasers.com\/wp-content\/uploads\/2024\/06\/06-3-300x300.jpg 300w, https:\/\/www.perfectlasers.com\/wp-content\/uploads\/2024\/06\/06-3-150x150.jpg 150w, https:\/\/www.perfectlasers.com\/wp-content\/uploads\/2024\/06\/06-3-768x768.jpg 768w, https:\/\/www.perfectlasers.com\/wp-content\/uploads\/2024\/06\/06-3-600x600.jpg 600w, https:\/\/www.perfectlasers.com\/wp-content\/uploads\/2024\/06\/06-3-100x100.jpg 100w, https:\/\/www.perfectlasers.com\/wp-content\/uploads\/2024\/06\/06-3.jpg 1060w\" sizes=\"(max-width: 800px) 100vw, 800px\" \/> <img loading=\"lazy\" decoding=\"async\" class=\"aligncenter size-large wp-image-2664\" src=\"https:\/\/perfectlasers.com\/wp-content\/uploads\/sites\/87\/2024\/06\/07-2-1024x1024.jpg\" alt=\"\" width=\"800\" height=\"800\" srcset=\"https:\/\/www.perfectlasers.com\/wp-content\/uploads\/2024\/06\/07-2-1024x1024.jpg 1024w, https:\/\/www.perfectlasers.com\/wp-content\/uploads\/2024\/06\/07-2-300x300.jpg 300w, https:\/\/www.perfectlasers.com\/wp-content\/uploads\/2024\/06\/07-2-150x150.jpg 150w, https:\/\/www.perfectlasers.com\/wp-content\/uploads\/2024\/06\/07-2-768x768.jpg 768w, https:\/\/www.perfectlasers.com\/wp-content\/uploads\/2024\/06\/07-2-600x600.jpg 600w, https:\/\/www.perfectlasers.com\/wp-content\/uploads\/2024\/06\/07-2-100x100.jpg 100w, https:\/\/www.perfectlasers.com\/wp-content\/uploads\/2024\/06\/07-2.jpg 1060w\" sizes=\"(max-width: 800px) 100vw, 800px\" \/> <img loading=\"lazy\" decoding=\"async\" class=\"aligncenter size-large wp-image-2665\" src=\"https:\/\/perfectlasers.com\/wp-content\/uploads\/sites\/87\/2024\/06\/08-2-1024x1024.jpg\" alt=\"\" width=\"800\" height=\"800\" srcset=\"https:\/\/www.perfectlasers.com\/wp-content\/uploads\/2024\/06\/08-2-1024x1024.jpg 1024w, https:\/\/www.perfectlasers.com\/wp-content\/uploads\/2024\/06\/08-2-300x300.jpg 300w, https:\/\/www.perfectlasers.com\/wp-content\/uploads\/2024\/06\/08-2-150x150.jpg 150w, https:\/\/www.perfectlasers.com\/wp-content\/uploads\/2024\/06\/08-2-768x768.jpg 768w, https:\/\/www.perfectlasers.com\/wp-content\/uploads\/2024\/06\/08-2-600x600.jpg 600w, https:\/\/www.perfectlasers.com\/wp-content\/uploads\/2024\/06\/08-2-100x100.jpg 100w, https:\/\/www.perfectlasers.com\/wp-content\/uploads\/2024\/06\/08-2.jpg 1060w\" sizes=\"(max-width: 800px) 100vw, 800px\" \/> <img loading=\"lazy\" decoding=\"async\" class=\"aligncenter size-large wp-image-2666\" src=\"https:\/\/perfectlasers.com\/wp-content\/uploads\/sites\/87\/2024\/06\/09-2-1024x1024.jpg\" alt=\"\" width=\"800\" height=\"800\" srcset=\"https:\/\/www.perfectlasers.com\/wp-content\/uploads\/2024\/06\/09-2-1024x1024.jpg 1024w, https:\/\/www.perfectlasers.com\/wp-content\/uploads\/2024\/06\/09-2-300x300.jpg 300w, https:\/\/www.perfectlasers.com\/wp-content\/uploads\/2024\/06\/09-2-150x150.jpg 150w, https:\/\/www.perfectlasers.com\/wp-content\/uploads\/2024\/06\/09-2-768x768.jpg 768w, https:\/\/www.perfectlasers.com\/wp-content\/uploads\/2024\/06\/09-2-600x600.jpg 600w, https:\/\/www.perfectlasers.com\/wp-content\/uploads\/2024\/06\/09-2-100x100.jpg 100w, https:\/\/www.perfectlasers.com\/wp-content\/uploads\/2024\/06\/09-2.jpg 1060w\" sizes=\"(max-width: 800px) 100vw, 800px\" \/> <img loading=\"lazy\" decoding=\"async\" class=\"aligncenter size-large wp-image-2667\" src=\"https:\/\/perfectlasers.com\/wp-content\/uploads\/sites\/87\/2024\/06\/10-2-1024x1024.jpg\" alt=\"\" width=\"800\" height=\"800\" srcset=\"https:\/\/www.perfectlasers.com\/wp-content\/uploads\/2024\/06\/10-2-1024x1024.jpg 1024w, https:\/\/www.perfectlasers.com\/wp-content\/uploads\/2024\/06\/10-2-300x300.jpg 300w, https:\/\/www.perfectlasers.com\/wp-content\/uploads\/2024\/06\/10-2-150x150.jpg 150w, https:\/\/www.perfectlasers.com\/wp-content\/uploads\/2024\/06\/10-2-768x768.jpg 768w, https:\/\/www.perfectlasers.com\/wp-content\/uploads\/2024\/06\/10-2-600x600.jpg 600w, https:\/\/www.perfectlasers.com\/wp-content\/uploads\/2024\/06\/10-2-100x100.jpg 100w, https:\/\/www.perfectlasers.com\/wp-content\/uploads\/2024\/06\/10-2.jpg 1060w\" sizes=\"(max-width: 800px) 100vw, 800px\" \/> <img loading=\"lazy\" decoding=\"async\" class=\"aligncenter size-large wp-image-2668\" src=\"https:\/\/perfectlasers.com\/wp-content\/uploads\/sites\/87\/2024\/06\/11-1-1024x1024.jpg\" alt=\"\" width=\"800\" height=\"800\" srcset=\"https:\/\/www.perfectlasers.com\/wp-content\/uploads\/2024\/06\/11-1-1024x1024.jpg 1024w, https:\/\/www.perfectlasers.com\/wp-content\/uploads\/2024\/06\/11-1-300x300.jpg 300w, https:\/\/www.perfectlasers.com\/wp-content\/uploads\/2024\/06\/11-1-150x150.jpg 150w, https:\/\/www.perfectlasers.com\/wp-content\/uploads\/2024\/06\/11-1-768x768.jpg 768w, https:\/\/www.perfectlasers.com\/wp-content\/uploads\/2024\/06\/11-1-600x600.jpg 600w, https:\/\/www.perfectlasers.com\/wp-content\/uploads\/2024\/06\/11-1-100x100.jpg 100w, https:\/\/www.perfectlasers.com\/wp-content\/uploads\/2024\/06\/11-1.jpg 1060w\" sizes=\"(max-width: 800px) 100vw, 800px\" \/> <img loading=\"lazy\" decoding=\"async\" class=\"aligncenter size-large wp-image-2669\" src=\"https:\/\/perfectlasers.com\/wp-content\/uploads\/sites\/87\/2024\/06\/12-2-1024x1024.jpg\" alt=\"\" width=\"800\" height=\"800\" srcset=\"https:\/\/www.perfectlasers.com\/wp-content\/uploads\/2024\/06\/12-2-1024x1024.jpg 1024w, https:\/\/www.perfectlasers.com\/wp-content\/uploads\/2024\/06\/12-2-300x300.jpg 300w, https:\/\/www.perfectlasers.com\/wp-content\/uploads\/2024\/06\/12-2-150x150.jpg 150w, https:\/\/www.perfectlasers.com\/wp-content\/uploads\/2024\/06\/12-2-768x768.jpg 768w, https:\/\/www.perfectlasers.com\/wp-content\/uploads\/2024\/06\/12-2-600x600.jpg 600w, https:\/\/www.perfectlasers.com\/wp-content\/uploads\/2024\/06\/12-2-100x100.jpg 100w, https:\/\/www.perfectlasers.com\/wp-content\/uploads\/2024\/06\/12-2.jpg 1060w\" sizes=\"(max-width: 800px) 100vw, 800px\" \/> <img loading=\"lazy\" decoding=\"async\" class=\"aligncenter size-large wp-image-2670\" src=\"https:\/\/perfectlasers.com\/wp-content\/uploads\/sites\/87\/2024\/06\/13-1024x1024.jpg\" alt=\"\" width=\"800\" height=\"800\" srcset=\"https:\/\/www.perfectlasers.com\/wp-content\/uploads\/2024\/06\/13-1024x1024.jpg 1024w, https:\/\/www.perfectlasers.com\/wp-content\/uploads\/2024\/06\/13-300x300.jpg 300w, https:\/\/www.perfectlasers.com\/wp-content\/uploads\/2024\/06\/13-150x150.jpg 150w, https:\/\/www.perfectlasers.com\/wp-content\/uploads\/2024\/06\/13-768x768.jpg 768w, https:\/\/www.perfectlasers.com\/wp-content\/uploads\/2024\/06\/13-600x600.jpg 600w, https:\/\/www.perfectlasers.com\/wp-content\/uploads\/2024\/06\/13-100x100.jpg 100w, https:\/\/www.perfectlasers.com\/wp-content\/uploads\/2024\/06\/13.jpg 1060w\" sizes=\"(max-width: 800px) 100vw, 800px\" \/> <img loading=\"lazy\" decoding=\"async\" class=\"aligncenter size-large wp-image-2671\" src=\"https:\/\/perfectlasers.com\/wp-content\/uploads\/sites\/87\/2024\/06\/14-1024x1024.jpg\" alt=\"\" width=\"800\" height=\"800\" srcset=\"https:\/\/www.perfectlasers.com\/wp-content\/uploads\/2024\/06\/14-1024x1024.jpg 1024w, https:\/\/www.perfectlasers.com\/wp-content\/uploads\/2024\/06\/14-300x300.jpg 300w, https:\/\/www.perfectlasers.com\/wp-content\/uploads\/2024\/06\/14-150x150.jpg 150w, https:\/\/www.perfectlasers.com\/wp-content\/uploads\/2024\/06\/14-768x768.jpg 768w, https:\/\/www.perfectlasers.com\/wp-content\/uploads\/2024\/06\/14-600x600.jpg 600w, https:\/\/www.perfectlasers.com\/wp-content\/uploads\/2024\/06\/14-100x100.jpg 100w, https:\/\/www.perfectlasers.com\/wp-content\/uploads\/2024\/06\/14.jpg 1060w\" sizes=\"(max-width: 800px) 100vw, 800px\" \/><\/p>","protected":false},"excerpt":{"rendered":"<table width=\"720\">\n<tbody>\n<tr>\n<td width=\"192\">Nome<\/td>\n<td width=\"527\">4 maniglie 360 \u00b0 macchina di criolipolisi<\/td>\n<\/tr>\n<tr>\n<td>Visualizzazione<\/td>\n<td>schermo intelligente da 15,6 pollici<\/td>\n<\/tr>\n<tr>\n<td>Temperture di raffreddamento<\/td>\n<td>-15~50\u2103<\/td>\n<\/tr>\n<tr>\n<td>Aspirazione vuoto<\/td>\n<td>1-5 ingranaggi (10-50Kpa)<\/td>\n<\/tr>\n<tr>\n<td>Tempo di impostazione<\/td>\n<td>1-99min (60 minuti predefiniti)<\/td>\n<\/tr>\n<tr>\n<td>Potenza di uscita<\/td>\n<td>1000W<\/td>\n<\/tr>\n<tr>\n<td>Tensione di ingresso<\/td>\n<td>110V \/ 220V<\/td>\n<\/tr>\n<tr>\n<td>Maniglia<\/td>\n<td>4 maniglie (6 teste)<\/td>\n<\/tr>\n<tr>\n<td>Colore<\/td>\n<td>Bianco<\/td>\n<\/tr>\n<\/tbody>\n<\/table>","protected":false},"featured_media":2674,"template":"","meta":[],"product_brand":[],"product_cat":[41],"product_tag":[],"class_list":{"0":"post-2657","1":"product","2":"type-product","3":"status-publish","4":"has-post-thumbnail","6":"product_cat-body-slimming-beauty-machine","8":"first","9":"instock","10":"shipping-taxable","11":"product-type-simple"},"_links":{"self":[{"href":"https:\/\/www.perfectlasers.com\/it\/wp-json\/wp\/v2\/product\/2657","targetHints":{"allow":["GET"]}}],"collection":[{"href":"https:\/\/www.perfectlasers.com\/it\/wp-json\/wp\/v2\/product"}],"about":[{"href":"https:\/\/www.perfectlasers.com\/it\/wp-json\/wp\/v2\/types\/product"}],"wp:featuredmedia":[{"embeddable":true,"href":"https:\/\/www.perfectlasers.com\/it\/wp-json\/wp\/v2\/media\/2674"}],"wp:attachment":[{"href":"https:\/\/www.perfectlasers.com\/it\/wp-json\/wp\/v2\/media?parent=2657"}],"wp:term":[{"taxonomy":"product_brand","embeddable":true,"href":"https:\/\/www.perfectlasers.com\/it\/wp-json\/wp\/v2\/product_brand?post=2657"},{"taxonomy":"product_cat","embeddable":true,"href":"https:\/\/www.perfectlasers.com\/it\/wp-json\/wp\/v2\/product_cat?post=2657"},{"taxonomy":"product_tag","embeddable":true,"href":"https:\/\/www.perfectlasers.com\/it\/wp-json\/wp\/v2\/product_tag?post=2657"}],"curies":[{"name":"WP","href":"https:\/\/api.w.org\/{rel}","templated":true}]}}