{"id":3211,"date":"2024-07-30T14:14:51","date_gmt":"2024-07-30T06:14:51","guid":{"rendered":"https:\/\/perfectlasers.com\/?post_type=product&#038;p=3211"},"modified":"2024-12-04T15:43:27","modified_gmt":"2024-12-04T07:43:27","slug":"70w-10600nm-co2-franctional-laser-machine","status":"publish","type":"product","link":"https:\/\/www.perfectlasers.com\/it\/product\/70w-10600nm-co2-franctional-laser-machine\/","title":{"rendered":"Macchina laser franczionale 70W 10600nm Co2"},"content":{"rendered":"<p>Presentiamo la nostra CO2 Fractional Laser Beauty Machine, la soluzione definitiva per ringiovanire e rivitalizzare la pelle. Sfruttando la potenza della tecnologia laser frazionata a CO2 avanzata, questa macchina all'avanguardia offre risultati notevoli nel resurfacing della pelle, nella riduzione delle rughe e nel ringiovanimento generale della pelle.<\/p>\n<p>Il laser frazionato CO2 emette un fascio di luce preciso e controllato che mira gli strati pi\u00f9 profondi della pelle. Questo stimola la produzione di collagene, promuove il ricambio cellulare e migliora la consistenza e il tono della pelle. Dite addio alle linee fine, alle rughe, alle cicatrici dell'acne e ai problemi di pigmentazione, poich\u00e9 questo potente trattamento laser funziona per rivelare una pelle pi\u00f9 liscia e pi\u00f9 giovanile.<\/p>\n<p>La nostra CO2 Fractional Laser Beauty Machine dispone di impostazioni personalizzabili, consentendo trattamenti su misura che affrontano le singole preoccupazioni della pelle. Che tu&#8217; re cercando di puntare aree specifiche o ringiovanire l'intero viso, la nostra macchina garantisce precisione ed efficacia.<\/p>\n<p>Il trattamento \u00e8 non invasivo e richiede tempi di fermo minimi, rendendolo un'opzione conveniente per coloro che hanno uno stile di vita impegnato. Vivi gli effetti trasformativi della nostra tecnologia laser frazionata a CO2 senza la necessit\u00e0 di procedure invasive o periodi di recupero prolungati.<\/p>\n<p>Fidatevi della competenza dei nostri professionisti e della tecnologia avanzata della nostra CO2 Fractional Laser Beauty Machine. Rivela la tua pelle&#8217; s bellezza naturale e riprendere il vostro luminosit\u00e0 giovanile.<\/p>\n<p>Contattaci oggi per pianificare una consultazione e saperne di pi\u00f9 su come la nostra macchina di bellezza laser frazionata CO2 pu\u00f2 aiutarti a raggiungere una pelle pi\u00f9 liscia e pi\u00f9 giovanile. Abbraccia il potere della tecnologia avanzata e sblocca la tua pelle&#8217; Il vero potenziale.<\/p>\n<p><img fetchpriority=\"high\" decoding=\"async\" class=\"aligncenter size-large wp-image-3212\" src=\"https:\/\/perfectlasers.com\/wp-content\/uploads\/sites\/87\/2024\/07\/01-3-1024x1024.jpg\" alt=\"\" width=\"800\" height=\"800\" srcset=\"https:\/\/www.perfectlasers.com\/wp-content\/uploads\/2024\/07\/01-3-1024x1024.jpg 1024w, https:\/\/www.perfectlasers.com\/wp-content\/uploads\/2024\/07\/01-3-300x300.jpg 300w, https:\/\/www.perfectlasers.com\/wp-content\/uploads\/2024\/07\/01-3-150x150.jpg 150w, https:\/\/www.perfectlasers.com\/wp-content\/uploads\/2024\/07\/01-3-768x768.jpg 768w, https:\/\/www.perfectlasers.com\/wp-content\/uploads\/2024\/07\/01-3-600x600.jpg 600w, https:\/\/www.perfectlasers.com\/wp-content\/uploads\/2024\/07\/01-3-100x100.jpg 100w, https:\/\/www.perfectlasers.com\/wp-content\/uploads\/2024\/07\/01-3.jpg 1060w\" sizes=\"(max-width: 800px) 100vw, 800px\" \/> <img decoding=\"async\" class=\"aligncenter size-large wp-image-3213\" src=\"https:\/\/perfectlasers.com\/wp-content\/uploads\/sites\/87\/2024\/07\/02-3-1024x1024.jpg\" alt=\"\" width=\"800\" height=\"800\" srcset=\"https:\/\/www.perfectlasers.com\/wp-content\/uploads\/2024\/07\/02-3-1024x1024.jpg 1024w, https:\/\/www.perfectlasers.com\/wp-content\/uploads\/2024\/07\/02-3-300x300.jpg 300w, https:\/\/www.perfectlasers.com\/wp-content\/uploads\/2024\/07\/02-3-150x150.jpg 150w, https:\/\/www.perfectlasers.com\/wp-content\/uploads\/2024\/07\/02-3-768x768.jpg 768w, https:\/\/www.perfectlasers.com\/wp-content\/uploads\/2024\/07\/02-3-600x600.jpg 600w, https:\/\/www.perfectlasers.com\/wp-content\/uploads\/2024\/07\/02-3-100x100.jpg 100w, https:\/\/www.perfectlasers.com\/wp-content\/uploads\/2024\/07\/02-3.jpg 1060w\" sizes=\"(max-width: 800px) 100vw, 800px\" \/> <img decoding=\"async\" class=\"aligncenter size-large wp-image-3214\" src=\"https:\/\/perfectlasers.com\/wp-content\/uploads\/sites\/87\/2024\/07\/03-3-1024x1024.jpg\" alt=\"\" width=\"800\" height=\"800\" srcset=\"https:\/\/www.perfectlasers.com\/wp-content\/uploads\/2024\/07\/03-3-1024x1024.jpg 1024w, https:\/\/www.perfectlasers.com\/wp-content\/uploads\/2024\/07\/03-3-300x300.jpg 300w, https:\/\/www.perfectlasers.com\/wp-content\/uploads\/2024\/07\/03-3-150x150.jpg 150w, https:\/\/www.perfectlasers.com\/wp-content\/uploads\/2024\/07\/03-3-768x768.jpg 768w, https:\/\/www.perfectlasers.com\/wp-content\/uploads\/2024\/07\/03-3-600x600.jpg 600w, https:\/\/www.perfectlasers.com\/wp-content\/uploads\/2024\/07\/03-3-100x100.jpg 100w, https:\/\/www.perfectlasers.com\/wp-content\/uploads\/2024\/07\/03-3.jpg 1060w\" sizes=\"(max-width: 800px) 100vw, 800px\" \/> <img loading=\"lazy\" decoding=\"async\" class=\"aligncenter size-large wp-image-3215\" src=\"https:\/\/perfectlasers.com\/wp-content\/uploads\/sites\/87\/2024\/07\/04-3-1024x1024.jpg\" alt=\"\" width=\"800\" height=\"800\" srcset=\"https:\/\/www.perfectlasers.com\/wp-content\/uploads\/2024\/07\/04-3-1024x1024.jpg 1024w, https:\/\/www.perfectlasers.com\/wp-content\/uploads\/2024\/07\/04-3-300x300.jpg 300w, https:\/\/www.perfectlasers.com\/wp-content\/uploads\/2024\/07\/04-3-150x150.jpg 150w, https:\/\/www.perfectlasers.com\/wp-content\/uploads\/2024\/07\/04-3-768x768.jpg 768w, https:\/\/www.perfectlasers.com\/wp-content\/uploads\/2024\/07\/04-3-600x600.jpg 600w, https:\/\/www.perfectlasers.com\/wp-content\/uploads\/2024\/07\/04-3-100x100.jpg 100w, https:\/\/www.perfectlasers.com\/wp-content\/uploads\/2024\/07\/04-3.jpg 1060w\" sizes=\"(max-width: 800px) 100vw, 800px\" \/> <img loading=\"lazy\" decoding=\"async\" class=\"aligncenter size-large wp-image-3216\" src=\"https:\/\/perfectlasers.com\/wp-content\/uploads\/sites\/87\/2024\/07\/05-3-1024x1024.jpg\" alt=\"\" width=\"800\" height=\"800\" srcset=\"https:\/\/www.perfectlasers.com\/wp-content\/uploads\/2024\/07\/05-3-1024x1024.jpg 1024w, https:\/\/www.perfectlasers.com\/wp-content\/uploads\/2024\/07\/05-3-300x300.jpg 300w, https:\/\/www.perfectlasers.com\/wp-content\/uploads\/2024\/07\/05-3-150x150.jpg 150w, https:\/\/www.perfectlasers.com\/wp-content\/uploads\/2024\/07\/05-3-768x768.jpg 768w, https:\/\/www.perfectlasers.com\/wp-content\/uploads\/2024\/07\/05-3-600x600.jpg 600w, https:\/\/www.perfectlasers.com\/wp-content\/uploads\/2024\/07\/05-3-100x100.jpg 100w, https:\/\/www.perfectlasers.com\/wp-content\/uploads\/2024\/07\/05-3.jpg 1060w\" sizes=\"(max-width: 800px) 100vw, 800px\" \/> <img loading=\"lazy\" decoding=\"async\" class=\"aligncenter size-large wp-image-3217\" src=\"https:\/\/perfectlasers.com\/wp-content\/uploads\/sites\/87\/2024\/07\/06-3-1024x1024.jpg\" alt=\"\" width=\"800\" height=\"800\" srcset=\"https:\/\/www.perfectlasers.com\/wp-content\/uploads\/2024\/07\/06-3-1024x1024.jpg 1024w, https:\/\/www.perfectlasers.com\/wp-content\/uploads\/2024\/07\/06-3-300x300.jpg 300w, https:\/\/www.perfectlasers.com\/wp-content\/uploads\/2024\/07\/06-3-150x150.jpg 150w, https:\/\/www.perfectlasers.com\/wp-content\/uploads\/2024\/07\/06-3-768x768.jpg 768w, https:\/\/www.perfectlasers.com\/wp-content\/uploads\/2024\/07\/06-3-600x600.jpg 600w, https:\/\/www.perfectlasers.com\/wp-content\/uploads\/2024\/07\/06-3-100x100.jpg 100w, https:\/\/www.perfectlasers.com\/wp-content\/uploads\/2024\/07\/06-3.jpg 1060w\" sizes=\"(max-width: 800px) 100vw, 800px\" \/> <img loading=\"lazy\" decoding=\"async\" class=\"aligncenter size-large wp-image-3218\" src=\"https:\/\/perfectlasers.com\/wp-content\/uploads\/sites\/87\/2024\/07\/07-3-1024x1024.jpg\" alt=\"\" width=\"800\" height=\"800\" srcset=\"https:\/\/www.perfectlasers.com\/wp-content\/uploads\/2024\/07\/07-3-1024x1024.jpg 1024w, https:\/\/www.perfectlasers.com\/wp-content\/uploads\/2024\/07\/07-3-300x300.jpg 300w, https:\/\/www.perfectlasers.com\/wp-content\/uploads\/2024\/07\/07-3-150x150.jpg 150w, https:\/\/www.perfectlasers.com\/wp-content\/uploads\/2024\/07\/07-3-768x768.jpg 768w, https:\/\/www.perfectlasers.com\/wp-content\/uploads\/2024\/07\/07-3-600x600.jpg 600w, https:\/\/www.perfectlasers.com\/wp-content\/uploads\/2024\/07\/07-3-100x100.jpg 100w, https:\/\/www.perfectlasers.com\/wp-content\/uploads\/2024\/07\/07-3.jpg 1060w\" sizes=\"(max-width: 800px) 100vw, 800px\" \/> <img loading=\"lazy\" decoding=\"async\" class=\"aligncenter size-large wp-image-3219\" src=\"https:\/\/perfectlasers.com\/wp-content\/uploads\/sites\/87\/2024\/07\/08-3-1024x1024.jpg\" alt=\"\" width=\"800\" height=\"800\" srcset=\"https:\/\/www.perfectlasers.com\/wp-content\/uploads\/2024\/07\/08-3-1024x1024.jpg 1024w, https:\/\/www.perfectlasers.com\/wp-content\/uploads\/2024\/07\/08-3-300x300.jpg 300w, https:\/\/www.perfectlasers.com\/wp-content\/uploads\/2024\/07\/08-3-150x150.jpg 150w, https:\/\/www.perfectlasers.com\/wp-content\/uploads\/2024\/07\/08-3-768x768.jpg 768w, https:\/\/www.perfectlasers.com\/wp-content\/uploads\/2024\/07\/08-3-600x600.jpg 600w, https:\/\/www.perfectlasers.com\/wp-content\/uploads\/2024\/07\/08-3-100x100.jpg 100w, https:\/\/www.perfectlasers.com\/wp-content\/uploads\/2024\/07\/08-3.jpg 1060w\" sizes=\"(max-width: 800px) 100vw, 800px\" \/> <img loading=\"lazy\" decoding=\"async\" class=\"aligncenter size-large wp-image-3220\" src=\"https:\/\/perfectlasers.com\/wp-content\/uploads\/sites\/87\/2024\/07\/09-3-1024x1024.jpg\" alt=\"\" width=\"800\" height=\"800\" srcset=\"https:\/\/www.perfectlasers.com\/wp-content\/uploads\/2024\/07\/09-3-1024x1024.jpg 1024w, https:\/\/www.perfectlasers.com\/wp-content\/uploads\/2024\/07\/09-3-300x300.jpg 300w, https:\/\/www.perfectlasers.com\/wp-content\/uploads\/2024\/07\/09-3-150x150.jpg 150w, https:\/\/www.perfectlasers.com\/wp-content\/uploads\/2024\/07\/09-3-768x768.jpg 768w, https:\/\/www.perfectlasers.com\/wp-content\/uploads\/2024\/07\/09-3-600x600.jpg 600w, https:\/\/www.perfectlasers.com\/wp-content\/uploads\/2024\/07\/09-3-100x100.jpg 100w, https:\/\/www.perfectlasers.com\/wp-content\/uploads\/2024\/07\/09-3.jpg 1060w\" sizes=\"(max-width: 800px) 100vw, 800px\" \/><\/p>","protected":false},"excerpt":{"rendered":"<table style=\"border-collapse: collapse; width: 103.14%; height: 224px;\" border=\"0\" width=\"720\" cellspacing=\"0\" cellpadding=\"0\">\n<tbody>\n<tr style=\"height: 28.00pt;\">\n<td class=\"et2\" style=\"height: 28px; width: 144.65pt;\" width=\"192\" height=\"37\">Nome<\/td>\n<td class=\"et2\" style=\"width: 395.35pt; height: 28px;\" width=\"527\">Macchina laser franczionale 70W 10600nm Co2<\/td>\n<\/tr>\n<tr style=\"height: 28.00pt;\">\n<td class=\"et2\" style=\"height: 28px;\" height=\"37\">IL SISTEMA DI GUIDA DELLA LUCE<\/td>\n<td class=\"et2\" style=\"height: 28px;\">7 braccio laser importato congiunto<\/td>\n<\/tr>\n<tr style=\"height: 28.00pt;\">\n<td class=\"et2\" style=\"height: 28px;\" height=\"37\">SORTE LASER<\/td>\n<td class=\"et2\" style=\"height: 28px;\">tubo RF<\/td>\n<\/tr>\n<tr style=\"height: 28.00pt;\">\n<td class=\"et2\" style=\"height: 28px;\" height=\"37\">DIAMETRO DEL SPOT DI FOCUS<\/td>\n<td class=\"et2\" style=\"height: 28px;\">20 * 20 millimetri<\/td>\n<\/tr>\n<tr style=\"height: 28.00pt;\">\n<td class=\"et2\" style=\"height: 28px;\" height=\"37\">LANGHEZZA DEL PULSO<\/td>\n<td class=\"et2\" style=\"height: 28px;\">0.1ms-100ms<\/td>\n<\/tr>\n<tr style=\"height: 28.00pt;\">\n<td class=\"et2\" style=\"height: 28px;\" height=\"37\">Potenza laser<\/td>\n<td class=\"et2\" style=\"height: 28px;\">70W<\/td>\n<\/tr>\n<tr style=\"height: 28.00pt;\">\n<td class=\"et2\" style=\"height: 28px;\" height=\"37\">Lunghezza d'onda<\/td>\n<td class=\"et2\" style=\"height: 28px;\">10600nm<\/td>\n<\/tr>\n<tr style=\"height: 28.00pt;\">\n<td class=\"et2\" style=\"height: 28px;\" height=\"37\">Schermo<\/td>\n<td class=\"et2\" style=\"height: 28px;\">11,6 pollici<\/td>\n<\/tr>\n<\/tbody>\n<\/table>","protected":false},"featured_media":3221,"template":"","meta":[],"product_brand":[],"product_cat":[35],"product_tag":[],"class_list":{"0":"post-3211","1":"product","2":"type-product","3":"status-publish","4":"has-post-thumbnail","6":"product_cat-co2-fractional-laser-beauty-machine","8":"first","9":"instock","10":"shipping-taxable","11":"product-type-simple"},"_links":{"self":[{"href":"https:\/\/www.perfectlasers.com\/it\/wp-json\/wp\/v2\/product\/3211","targetHints":{"allow":["GET"]}}],"collection":[{"href":"https:\/\/www.perfectlasers.com\/it\/wp-json\/wp\/v2\/product"}],"about":[{"href":"https:\/\/www.perfectlasers.com\/it\/wp-json\/wp\/v2\/types\/product"}],"wp:featuredmedia":[{"embeddable":true,"href":"https:\/\/www.perfectlasers.com\/it\/wp-json\/wp\/v2\/media\/3221"}],"wp:attachment":[{"href":"https:\/\/www.perfectlasers.com\/it\/wp-json\/wp\/v2\/media?parent=3211"}],"wp:term":[{"taxonomy":"product_brand","embeddable":true,"href":"https:\/\/www.perfectlasers.com\/it\/wp-json\/wp\/v2\/product_brand?post=3211"},{"taxonomy":"product_cat","embeddable":true,"href":"https:\/\/www.perfectlasers.com\/it\/wp-json\/wp\/v2\/product_cat?post=3211"},{"taxonomy":"product_tag","embeddable":true,"href":"https:\/\/www.perfectlasers.com\/it\/wp-json\/wp\/v2\/product_tag?post=3211"}],"curies":[{"name":"WP","href":"https:\/\/api.w.org\/{rel}","templated":true}]}}